{"id":95,"date":"2015-12-16T14:40:13","date_gmt":"2015-12-16T14:40:13","guid":{"rendered":"http:\/\/natalie.az-theme.net\/?page_id=95"},"modified":"2024-10-10T19:25:52","modified_gmt":"2024-10-10T17:25:52","slug":"contact-me","status":"publish","type":"page","link":"https:\/\/www.irissjostrom.com\/?page_id=95","title":{"rendered":"Kontakt\/Contact"},"content":{"rendered":"\n<p>Iris produkter s\u00e4ljs h\u00e4r \/ Iris products are sold here:<\/p>\n\n\n<div class=\"wp-block-image\">\n<figure class=\"alignleft is-resized\"><img loading=\"lazy\" decoding=\"async\" width=\"400\" height=\"277\" src=\"https:\/\/www.irissjostrom.com\/wp-content\/uploads\/2015\/12\/pa\u0308ivi_hacker_kontakt-400x277.jpg\" alt=\"P\u00e4ivi Hacker\" class=\"wp-image-602\" style=\"width:400px;height:277px\" srcset=\"https:\/\/www.irissjostrom.com\/wp-content\/uploads\/2015\/12\/pa\u0308ivi_hacker_kontakt-400x277.jpg 400w, https:\/\/www.irissjostrom.com\/wp-content\/uploads\/2015\/12\/pa\u0308ivi_hacker_kontakt-768x532.jpg 768w, https:\/\/www.irissjostrom.com\/wp-content\/uploads\/2015\/12\/pa\u0308ivi_hacker_kontakt.jpg 1018w\" sizes=\"auto, (max-width: 400px) 100vw, 400px\" \/><\/figure>\n<\/div>\n\n\n<p class=\"has-text-align-left\"><br><\/p>\n\n\n\n<p><br><\/p>\n\n\n\n<p><\/p>\n\n\n\n<p><\/p>\n\n\n\n<p><strong>Iris Sj\u00f6str\u00f6m Atelj\u00e9 Spjutsund<\/strong><br>Storuddsv\u00e4gen, 06880 K\u00e4rrby, Spjutsund, Finland<br>M\u00e5-S\u00f6, Mon-Sun, Ma-Su: enligt \u00f6verenskommelse \/ on agreement<br>Tel: +358 40 550 9213<br>Mail: iris@irissjostrom.com<br><br><\/p>\n\n\n\n<p><\/p>\n\n\n\n<p><br><\/p>\n\n\n<div class=\"wp-block-image\">\n<figure class=\"alignleft size-full is-resized\"><img loading=\"lazy\" decoding=\"async\" width=\"700\" height=\"350\" src=\"https:\/\/www.irissjostrom.com\/wp-content\/uploads\/2024\/10\/iris-sjoestroem-indigo-beauty-1.jpg\" alt=\"\" class=\"wp-image-1009\" style=\"width:500px\" srcset=\"https:\/\/www.irissjostrom.com\/wp-content\/uploads\/2024\/10\/iris-sjoestroem-indigo-beauty-1.jpg 700w, https:\/\/www.irissjostrom.com\/wp-content\/uploads\/2024\/10\/iris-sjoestroem-indigo-beauty-1-400x200.jpg 400w\" sizes=\"auto, (max-width: 700px) 100vw, 700px\" \/><\/figure>\n<\/div>\n\n\n<p><\/p>\n\n\n\n<p><\/p>\n\n\n\n<p><\/p>\n\n\n\n<p><\/p>\n\n\n\n<p><\/p>\n\n\n\n<p class=\"has-text-align-left\"><strong>Indigo Beauty<\/strong><br>Pornaistentie 6, 07110 Hinthaara, Porvoo, Finland<br>Tel: +358 40 0353666<br><a href=\"https:\/\/www.facebook.com\/nellysartetcraft\" target=\"_blank\" rel=\"noopener noreferrer\">Indigo Beauty<\/a><\/p>\n","protected":false},"excerpt":{"rendered":"<p>Iris produkter s\u00e4ljs h\u00e4r \/ Iris products are sold here: Iris Sj\u00f6str\u00f6m Atelj\u00e9 SpjutsundStoruddsv\u00e4gen, 06880 K\u00e4rrby, Spjutsund, FinlandM\u00e5-S\u00f6, Mon-Sun, Ma-Su: enligt \u00f6verenskommelse \/ on agreementTel: +358 40 550 9213Mail: iris@irissjostrom.com Indigo BeautyPornaistentie 6, 07110 Hinthaara, Porvoo, FinlandTel: +358 40 0353666Indigo Beauty<\/p>\n","protected":false},"author":1,"featured_media":122,"parent":0,"menu_order":0,"comment_status":"closed","ping_status":"closed","template":"","meta":{"footnotes":""},"class_list":["post-95","page","type-page","status-publish","has-post-thumbnail","hentry"],"_links":{"self":[{"href":"https:\/\/www.irissjostrom.com\/index.php?rest_route=\/wp\/v2\/pages\/95","targetHints":{"allow":["GET"]}}],"collection":[{"href":"https:\/\/www.irissjostrom.com\/index.php?rest_route=\/wp\/v2\/pages"}],"about":[{"href":"https:\/\/www.irissjostrom.com\/index.php?rest_route=\/wp\/v2\/types\/page"}],"author":[{"embeddable":true,"href":"https:\/\/www.irissjostrom.com\/index.php?rest_route=\/wp\/v2\/users\/1"}],"replies":[{"embeddable":true,"href":"https:\/\/www.irissjostrom.com\/index.php?rest_route=%2Fwp%2Fv2%2Fcomments&post=95"}],"version-history":[{"count":79,"href":"https:\/\/www.irissjostrom.com\/index.php?rest_route=\/wp\/v2\/pages\/95\/revisions"}],"predecessor-version":[{"id":1013,"href":"https:\/\/www.irissjostrom.com\/index.php?rest_route=\/wp\/v2\/pages\/95\/revisions\/1013"}],"wp:featuredmedia":[{"embeddable":true,"href":"https:\/\/www.irissjostrom.com\/index.php?rest_route=\/"}],"wp:attachment":[{"href":"https:\/\/www.irissjostrom.com\/index.php?rest_route=%2Fwp%2Fv2%2Fmedia&parent=95"}],"curies":[{"name":"wp","href":"https:\/\/api.w.org\/{rel}","templated":true}]}}