{"id":93,"date":"2015-12-16T14:39:22","date_gmt":"2015-12-16T13:39:22","guid":{"rendered":"http:\/\/natalie.az-theme.net\/?page_id=93"},"modified":"2024-10-10T20:18:11","modified_gmt":"2024-10-10T18:18:11","slug":"about","status":"publish","type":"page","link":"https:\/\/www.irissjostrom.com\/?page_id=93","title":{"rendered":"Iris"},"content":{"rendered":"<div id=\"attachment_883\" style=\"width: 1180px\" class=\"wp-caption aligncenter\"><img loading=\"lazy\" decoding=\"async\" aria-describedby=\"caption-attachment-883\" class=\"size-full wp-image-883\" src=\"https:\/\/www.irissjostrom.com\/wp-content\/uploads\/2019\/01\/iris_sjoestroem_handverk_atelje_01.jpg\" alt=\"Iris Sj\u00f6str\u00f6m v\u00e4vatelje i Sibbo\" width=\"1170\" height=\"663\" srcset=\"https:\/\/www.irissjostrom.com\/wp-content\/uploads\/2019\/01\/iris_sjoestroem_handverk_atelje_01.jpg 1170w, https:\/\/www.irissjostrom.com\/wp-content\/uploads\/2019\/01\/iris_sjoestroem_handverk_atelje_01-400x227.jpg 400w, https:\/\/www.irissjostrom.com\/wp-content\/uploads\/2019\/01\/iris_sjoestroem_handverk_atelje_01-768x435.jpg 768w, https:\/\/www.irissjostrom.com\/wp-content\/uploads\/2019\/01\/iris_sjoestroem_handverk_atelje_01-1024x580.jpg 1024w\" sizes=\"auto, (max-width: 1170px) 100vw, 1170px\" \/><p id=\"caption-attachment-883\" class=\"wp-caption-text\">Iris Sj\u00f6str\u00f6m har sin v\u00e4vatelje i Sibbo<\/p><\/div>\n<h4>Bakgrund\/Short History<\/h4>\n<p>Iris v\u00e4vintresse uppstod redan i barndomshemmet (Svartb\u00e4ck, Borg\u00e5) n\u00e4r hon s\u00e5g sin mamma v\u00e4va mattor och vackra linnedukar. Begagnade kl\u00e4der klipptes i remsor och syddes ihop till inslag f\u00f6r mattv\u00e4ven. Iris arbete som liten flicka var att sy ihop de klippta remsorna med n\u00e5l och tr\u00e5d. Efter det gjorde man nystan av remsorna som sedan ordnades enligt f\u00e4rg.<\/p>\n<p>Iris v\u00e4vkarri\u00e4r satte i g\u00e5ng n\u00e4r hon b\u00f6rjade studera i Borg\u00e5 Folkh\u00f6gskola. D\u00e4r l\u00e4rde hon sig att s\u00e4tta upp olika upps\u00e4ttningar av v\u00e4var samt att v\u00e4va linnetyger, tabletter, mattor och linnedukar. Hon b\u00f6rjade \u00e4ven v\u00e4va mattor och linnedukar hemma p\u00e5 fritiden. Iris blev ocks\u00e5 medlem i Medborgarinstitutet som \u00f6ppnade p\u00e5 hemorten. D\u00e4r undervisades det i m\u00e5nga olika s\u00e4tt att v\u00e4va och tekniker, bla. ull beredning och ull spinning. Iris v\u00e4vde vid det h\u00e4r laget mattor, f\u00f6rutom f\u00f6r hemmet, ocks\u00e5 f\u00f6r v\u00e4nner och sl\u00e4ktingar.<\/p>\n<p>Iris blev s\u00e5 sm\u00e5ningom medlem i en Hantverksf\u00f6rening. Tillsammans med de andra hantverkarna fick hon en f\u00f6rs\u00e4ljningplats i Borg\u00e5 &#8222;Kiala&#8220;, d\u00e4r hon s\u00e5lde i flera \u00e5r. I maj 2004 flyttade f\u00f6reningen sin verksamhet till gamla stan i Borg\u00e5 d\u00e4r de \u00f6ppnade &#8222;IDA&#8220; butiken. Efter IDA butiken hade Iris sina produkter till salu i\u00a0Nelly\u00b4s Art &amp; Craft i Borg\u00e5, \u00e4nda fram tills 2024. Nu finns Iris produkter till salu i <a href=\"https:\/\/www.facebook.com\/indigosbeauty?locale=de_DE\">INDIGO BEAUTY<\/a> i Hindh\u00e5r, Borg\u00e5.<\/p>\n<p>Iris v\u00e4ver och stickar ocks\u00e5 p\u00e5 best\u00e4llning, det \u00e4r bara att sl\u00e5 en signal: +358 40 550 9213<\/p>\n<p>Iris interest for weaving arised already as a little girl when she saw her mother making carpets and beautiful linen tableclothes. Old clothes were cut into stripes and sewed together as weft for the carpets. Iris job as a little girl was to sew the stripes together with needle and thread. After this the the stripes were made into balls and sorted after color.<\/p>\n<p>Iris career in weaving began when she started to study at &#8222;Borg\u00e5 Folkh\u00f6gskola&#8220;. There she learned to put up differents kinds of weaves and to make linenfabrics, tableclothes and carpets. She also started to make carpets and linen tableclothes at home in her spare time. Iris also joined &#8222;Medborgarinstitutet&#8220; that opened in her home village. There many differents weaving methods and technics were tought, for example wool preparation and wool spinning. Iris was by now, besides for home, also making carpets for friends and relatives.<\/p>\n<p>Iris then join a association for handicrafts. Together with the other members she started to sell her products at &#8222;Kiala&#8220; in Borg\u00e5, where she was selling for many years. In may 2004 the association moved its business to old town in Borg\u00e5 where they opened the shop &#8222;IDA&#8220;. After IDA, Iris joined Nelly\u00b4s Art &amp; Craft in Porvoo and sold here products there until 2024 . Iris products can now be found in <a href=\"https:\/\/www.facebook.com\/indigosbeauty?locale=de_DE\">INDIGO BEAUTY<\/a> in Hinthaaa, Porvoo.<\/p>\n<p>Iris is also weaving and knitting by order, just give her a call: +358 40 550 9213<\/p>\n\n\t\t<style type=\"text\/css\">\n\t\t\t#gallery-1 {\n\t\t\t\tmargin: auto;\n\t\t\t}\n\t\t\t#gallery-1 .gallery-item {\n\t\t\t\tfloat: left;\n\t\t\t\tmargin-top: 10px;\n\t\t\t\ttext-align: center;\n\t\t\t\twidth: 33%;\n\t\t\t}\n\t\t\t#gallery-1 img {\n\t\t\t\tborder: 2px solid #cfcfcf;\n\t\t\t}\n\t\t\t#gallery-1 .gallery-caption {\n\t\t\t\tmargin-left: 0;\n\t\t\t}\n\t\t\t\/* see gallery_shortcode() in wp-includes\/media.php *\/\n\t\t<\/style>\n\t\t<div id='gallery-1' class='gallery galleryid-93 gallery-columns-3 gallery-size-large'><dl class='gallery-item'>\n\t\t\t<dt class='gallery-icon landscape'>\n\t\t\t\t<img loading=\"lazy\" decoding=\"async\" width=\"1024\" height=\"580\" src=\"https:\/\/www.irissjostrom.com\/wp-content\/uploads\/2019\/01\/iris_sjoestroem_handverk_atelje_02-1024x580.jpg\" class=\"attachment-large size-large\" alt=\"Iris Sj\u00f6str\u00f6m Atelje Sibbo\" srcset=\"https:\/\/www.irissjostrom.com\/wp-content\/uploads\/2019\/01\/iris_sjoestroem_handverk_atelje_02-1024x580.jpg 1024w, https:\/\/www.irissjostrom.com\/wp-content\/uploads\/2019\/01\/iris_sjoestroem_handverk_atelje_02-400x227.jpg 400w, https:\/\/www.irissjostrom.com\/wp-content\/uploads\/2019\/01\/iris_sjoestroem_handverk_atelje_02-768x435.jpg 768w, https:\/\/www.irissjostrom.com\/wp-content\/uploads\/2019\/01\/iris_sjoestroem_handverk_atelje_02.jpg 1170w\" sizes=\"auto, (max-width: 1024px) 100vw, 1024px\" \/>\n\t\t\t<\/dt><\/dl><dl class='gallery-item'>\n\t\t\t<dt class='gallery-icon landscape'>\n\t\t\t\t<img loading=\"lazy\" decoding=\"async\" width=\"1024\" height=\"580\" src=\"https:\/\/www.irissjostrom.com\/wp-content\/uploads\/2019\/01\/iris_sjoestroem_handverk_atelje_03-1024x580.jpg\" class=\"attachment-large size-large\" alt=\"Iris Sj\u00f6str\u00f6m Atelje Sibbo\" srcset=\"https:\/\/www.irissjostrom.com\/wp-content\/uploads\/2019\/01\/iris_sjoestroem_handverk_atelje_03-1024x580.jpg 1024w, https:\/\/www.irissjostrom.com\/wp-content\/uploads\/2019\/01\/iris_sjoestroem_handverk_atelje_03-400x227.jpg 400w, https:\/\/www.irissjostrom.com\/wp-content\/uploads\/2019\/01\/iris_sjoestroem_handverk_atelje_03-768x435.jpg 768w, https:\/\/www.irissjostrom.com\/wp-content\/uploads\/2019\/01\/iris_sjoestroem_handverk_atelje_03.jpg 1170w\" sizes=\"auto, (max-width: 1024px) 100vw, 1024px\" \/>\n\t\t\t<\/dt><\/dl><dl class='gallery-item'>\n\t\t\t<dt class='gallery-icon landscape'>\n\t\t\t\t<img loading=\"lazy\" decoding=\"async\" width=\"1024\" height=\"580\" src=\"https:\/\/www.irissjostrom.com\/wp-content\/uploads\/2019\/01\/iris_sjoestroem_handverk_atelje_04-1024x580.jpg\" class=\"attachment-large size-large\" alt=\"Iris Sj\u00f6str\u00f6m Atelje Sibbo\" srcset=\"https:\/\/www.irissjostrom.com\/wp-content\/uploads\/2019\/01\/iris_sjoestroem_handverk_atelje_04-1024x580.jpg 1024w, https:\/\/www.irissjostrom.com\/wp-content\/uploads\/2019\/01\/iris_sjoestroem_handverk_atelje_04-400x227.jpg 400w, https:\/\/www.irissjostrom.com\/wp-content\/uploads\/2019\/01\/iris_sjoestroem_handverk_atelje_04-768x435.jpg 768w, https:\/\/www.irissjostrom.com\/wp-content\/uploads\/2019\/01\/iris_sjoestroem_handverk_atelje_04.jpg 1170w\" sizes=\"auto, (max-width: 1024px) 100vw, 1024px\" \/>\n\t\t\t<\/dt><\/dl><br style=\"clear: both\" \/>\n\t\t<\/div>\n\n\n\n<p> <\/p>\n\n\n\n<p><\/p>\n","protected":false},"excerpt":{"rendered":"<p>Bakgrund\/Short History Iris v\u00e4vintresse uppstod redan i barndomshemmet (Svartb\u00e4ck, Borg\u00e5) n\u00e4r hon s\u00e5g sin mamma v\u00e4va mattor och vackra linnedukar. Begagnade kl\u00e4der klipptes i remsor och syddes ihop till inslag f\u00f6r mattv\u00e4ven. Iris arbete som liten flicka var att sy ihop de klippta remsorna med n\u00e5l och tr\u00e5d. Efter det gjorde man nystan av remsorna som sedan ordnades enligt f\u00e4rg. Iris v\u00e4vkarri\u00e4r satte i g\u00e5ng n\u00e4r hon b\u00f6rjade studera i Borg\u00e5 Folkh\u00f6gskola. D\u00e4r l\u00e4rde hon sig att s\u00e4tta upp olika upps\u00e4ttningar av v\u00e4var samt att v\u00e4va linnetyger, tabletter, mattor och linnedukar. Hon b\u00f6rjade \u00e4ven v\u00e4va mattor och linnedukar hemma p\u00e5 fritiden. Iris blev ocks\u00e5 medlem i Medborgarinstitutet som \u00f6ppnade p\u00e5 hemorten. D\u00e4r undervisades det i m\u00e5nga olika s\u00e4tt att v\u00e4va och tekniker, bla. ull beredning och ull spinning. Iris v\u00e4vde vid det h\u00e4r laget mattor, f\u00f6rutom f\u00f6r hemmet, ocks\u00e5 f\u00f6r v\u00e4nner och sl\u00e4ktingar. Iris blev s\u00e5 sm\u00e5ningom medlem i en Hantverksf\u00f6rening. Tillsammans med de andra hantverkarna fick hon en f\u00f6rs\u00e4ljningplats i Borg\u00e5 &#8222;Kiala&#8220;, d\u00e4r hon s\u00e5lde i flera \u00e5r. I maj 2004 flyttade f\u00f6reningen sin verksamhet till gamla stan i Borg\u00e5 d\u00e4r de \u00f6ppnade &#8222;IDA&#8220; butiken. Efter IDA butiken hade Iris sina produkter till salu i\u00a0Nelly\u00b4s Art &amp; Craft i Borg\u00e5, \u00e4nda fram tills 2024. Nu finns Iris produkter till salu i INDIGO BEAUTY i Hindh\u00e5r, Borg\u00e5. Iris v\u00e4ver och stickar ocks\u00e5 p\u00e5 best\u00e4llning, det \u00e4r bara att sl\u00e5 en signal: +358 40 550 9213 Iris interest for weaving arised already as a little girl when she saw her mother making carpets and beautiful linen tableclothes. Old clothes were cut into stripes and sewed together as weft for the carpets. Iris job as a little girl was to sew the stripes together with needle and thread. After this the the stripes were made into balls and sorted after color. Iris career in weaving began when she started to study at &#8222;Borg\u00e5 Folkh\u00f6gskola&#8220;. There she learned to put up differents kinds of weaves and to make linenfabrics, tableclothes and carpets. She also started to make carpets and linen tableclothes at home in her spare time. Iris also joined &#8222;Medborgarinstitutet&#8220; that opened in her home village. There many differents weaving methods and technics were tought, for example wool preparation and wool spinning. Iris was by now, besides for home, also making carpets for friends and relatives. Iris then join a association for handicrafts. Together with the other members she started to sell her products at &#8222;Kiala&#8220; in Borg\u00e5, where she was selling for many years. In may 2004 the association moved its business to old town in Borg\u00e5 where they opened the shop &#8222;IDA&#8220;. After IDA, Iris joined Nelly\u00b4s Art &amp; Craft in Porvoo and sold here products there until 2024 . Iris products can now be found in INDIGO BEAUTY in Hinthaaa, Porvoo. Iris is also weaving and knitting by order, just give her a call: +358 40 550 9213<\/p>\n","protected":false},"author":1,"featured_media":389,"parent":0,"menu_order":0,"comment_status":"closed","ping_status":"closed","template":"","meta":{"footnotes":""},"class_list":["post-93","page","type-page","status-publish","has-post-thumbnail","hentry"],"_links":{"self":[{"href":"https:\/\/www.irissjostrom.com\/index.php?rest_route=\/wp\/v2\/pages\/93","targetHints":{"allow":["GET"]}}],"collection":[{"href":"https:\/\/www.irissjostrom.com\/index.php?rest_route=\/wp\/v2\/pages"}],"about":[{"href":"https:\/\/www.irissjostrom.com\/index.php?rest_route=\/wp\/v2\/types\/page"}],"author":[{"embeddable":true,"href":"https:\/\/www.irissjostrom.com\/index.php?rest_route=\/wp\/v2\/users\/1"}],"replies":[{"embeddable":true,"href":"https:\/\/www.irissjostrom.com\/index.php?rest_route=%2Fwp%2Fv2%2Fcomments&post=93"}],"version-history":[{"count":29,"href":"https:\/\/www.irissjostrom.com\/index.php?rest_route=\/wp\/v2\/pages\/93\/revisions"}],"predecessor-version":[{"id":1015,"href":"https:\/\/www.irissjostrom.com\/index.php?rest_route=\/wp\/v2\/pages\/93\/revisions\/1015"}],"wp:featuredmedia":[{"embeddable":true,"href":"https:\/\/www.irissjostrom.com\/index.php?rest_route=\/"}],"wp:attachment":[{"href":"https:\/\/www.irissjostrom.com\/index.php?rest_route=%2Fwp%2Fv2%2Fmedia&parent=93"}],"curies":[{"name":"wp","href":"https:\/\/api.w.org\/{rel}","templated":true}]}}