{"id":841,"date":"2018-05-23T21:19:04","date_gmt":"2018-05-23T19:19:04","guid":{"rendered":"https:\/\/www.irissjostrom.com\/?page_id=841"},"modified":"2018-05-24T21:16:05","modified_gmt":"2018-05-24T19:16:05","slug":"dataskydd","status":"publish","type":"page","link":"https:\/\/www.irissjostrom.com\/?page_id=841","title":{"rendered":"Dataskydd"},"content":{"rendered":"<p><strong>Dataskyddspolicy (2018-05-25)<\/strong><\/p>\n<p>Ansvarig f\u00f6r innehallet pa denna sida \u00e4r\u00a0Iris Sj\u00f6str\u00f6m, Storuddsv\u00e4gen 184, 06880 K\u00e4rrby,<strong>\u00a0<a href=\"mailto:iris@irissjostrom.com\">iris@irissjostrom.com.<\/a><\/strong><\/p>\n<p>Vi v\u00e4rnar om skyddet av dina enskilda r\u00e4ttigheter och dina personuppgifter.\u00a0Den h\u00e4r dataskyddspolicyn beskriver hur vi samlar in, anv\u00e4nder, lagrar och delar personuppgifter.\u00a0Genom att anv\u00e4nda v\u00e5ra tj\u00e4nster, accepterar du v\u00e5r Dataskyddspolicy och v\u00e5r behandling av dina personuppgifter. Dina uppgifter delas inte med andra mottagare utan ditt uttryckliga samtycke.<\/p>\n<p><strong>Vilken information samlar vi in?<\/strong><br \/>\nN\u00e4r du kontaktar oss via kontaktformularet eller per e-mail sparas information som du ger oss s\u00e5som namn, telefonnummer och emailadress.<br \/>\nI fall av f\u00f6ljefr\u00e5gor sparas informationen i sex m\u00e5nader.<\/p>\n<p><strong>Information som vi kan komma att samla in om dig<\/strong><br \/>\n\u2013 Enhetsinformation: Vid bes\u00f6k p\u00e5 v\u00e5r hemsida kan data r\u00f6rande t.ex. IP-adress, spr\u00e5kinst\u00e4llningar, webbl\u00e4sarinst\u00e4llningar, din geografiska placering och annan information som \u00e4r h\u00e4nf\u00f6rlig till den enhet som du anv\u00e4nder f\u00f6r att bes\u00f6ka v\u00e5r hemsida samlas in om dig genom cookies.<\/p>\n<p><strong>Cookies<\/strong><br \/>\nDen h\u00e4r webbplatsen anv\u00e4nder cookies. Vad \u00e4r en cookie och hur fungerar den?<br \/>\nCookies \u00e4r sm\u00e5 textfiler som sparas p\u00e5 din dator, telefon eller surfplatta n\u00e4r du bes\u00f6ker webbplatsen.Cookies hj\u00e4lper webbplatsen att komma ih\u00e5g dina inst\u00e4llningar och samla in information till statistik. Tanken \u00e4r bland annat att du inte ska beh\u00f6va g\u00f6ra om inst\u00e4llningarna varje g\u00e5ng du g\u00e5r in p\u00e5 webbplatsen eller bl\u00e4ddrar mellan olika sidor.<\/p>\n<p>Informationen som samlas in betr\u00e4ffande statistik \u00e4r anonym och inneh\u00e5ller vare sig namn, e-postadress eller n\u00e5gra andra uppgifter som kan kopplas till en s\u00e4rskild person. Cookies anv\u00e4nds ofta b\u00e5de f\u00f6r webbplatsens egen funktionalitet och av externa tj\u00e4nster som finns p\u00e5 webbplatsen, som till exempel sociala tj\u00e4nster som Facebook, eller komponenter f\u00f6r att samla in statistik.<\/p>\n<p>\u00c4ndra cookieinst\u00e4llningarna<br \/>\nHur webbl\u00e4saren hanterar cookies, vilka cookies till\u00e5ts eller nekas, kan anv\u00e4ndaren ange i webbl\u00e4sarens inst\u00e4llningar. Var exakt dessa inst\u00e4llningar \u00e4r beror pa webbl\u00e4saren. Detaljerad information kan n\u00e5s via hj\u00e4lpfunktionen hos respektive webbl\u00e4sare.<\/p>\n<p>Cookies p\u00e5 v\u00e5r hemsida<br \/>\nAbsolut n\u00f6dv\u00e4ndiga cookies f\u00f6r att s\u00e4kerst\u00e4lla grundl\u00e4ggande funktioner p\u00e5 webbplatsen:<\/p>\n<ul>\n<li>CookieConsent: Anv\u00e4nds f\u00f6r att lagra samtycke till att anv\u00e4nda cookies<\/li>\n<li>gaOptout: Anv\u00e4nds f\u00f6r att lagra opt-out av Google Analytics<\/li>\n<li>Google Analytics (se Google Analytics)<\/li>\n<\/ul>\n<p><strong>Google Analytics<\/strong><br \/>\nDenna webbplats anv\u00e4nder Google Analytics, en webbanalystj\u00e4nst som tillhandah\u00e5lls av Google Inc.<br \/>\nGoogle Analytics \u00e4r Googles analysverktyg som hj\u00e4lper oss att f\u00f6rst\u00e5 hur du som bes\u00f6kare anv\u00e4nder v\u00e5r hemsida. Programmet kan anv\u00e4nda en upps\u00e4ttning cookies f\u00f6r att samla in information och rapportera anv\u00e4ndningsstatistik utan att personligen identifiera enskilda bes\u00f6kare. Om du \u00f6nskar blockera denna typ av datainsamling kan du g\u00f6ra det genom att ladda ned och installera denna plugin: <a href=\"https:\/\/tools.google.com\/dlpage\/gaoptout?hl=en\" target=\"_blank\" rel=\"noopener\">https:\/\/tools.google.com\/dlpage\/gaoptout?hl=en<\/a><\/p>\n<p>Du kan f\u00f6rhindra att anv\u00e4ndaruppgifterna samlas in av Google Analytics endast p\u00e5 den h\u00e4r webbplatsen genom att klicka p\u00e5 f\u00f6ljande l\u00e4nk. En opt-out-cookie kommer att st\u00e4llas in f\u00f6r att f\u00f6rhindra att dina data samlas in vid framtida bes\u00f6k p\u00e5 den h\u00e4r webbplatsen: [ga_optout]<\/p>\n<p>Den h\u00e4r webbplatsen anv\u00e4nder funktionen &#8222;IP-anonymisering&#8220;. D\u00e4rav \u00e4r bara en grov lokalisering m\u00f6jlig.<\/p>\n<p><strong>R\u00e4tt till insyn, r\u00e4ttelse, radering och \u00e4ndam\u00e5lsbegr\u00e4nsning<\/strong><br \/>\nDu har alltid r\u00e4tt att kontakta oss f\u00f6r att f\u00e5 tillg\u00e5ng till de uppgifter vi har om dig, f\u00e5 uppgifterna r\u00e4ttade, raderade eller kr\u00e4va att v\u00e5r behandling av dina uppgifter begr\u00e4nsas.<\/p>\n","protected":false},"excerpt":{"rendered":"<p>Dataskyddspolicy (2018-05-25) Ansvarig f\u00f6r innehallet pa denna sida \u00e4r\u00a0Iris Sj\u00f6str\u00f6m, Storuddsv\u00e4gen 184, 06880 K\u00e4rrby,\u00a0iris@irissjostrom.com. Vi v\u00e4rnar om skyddet av dina enskilda r\u00e4ttigheter och dina personuppgifter.\u00a0Den h\u00e4r dataskyddspolicyn beskriver hur vi samlar in, anv\u00e4nder, lagrar och delar personuppgifter.\u00a0Genom att anv\u00e4nda v\u00e5ra tj\u00e4nster, accepterar du v\u00e5r Dataskyddspolicy och v\u00e5r behandling av dina personuppgifter. Dina uppgifter delas inte med andra mottagare utan ditt uttryckliga samtycke. Vilken information samlar vi in? N\u00e4r du kontaktar oss via kontaktformularet eller per e-mail sparas information som du ger oss s\u00e5som namn, telefonnummer och emailadress. I fall av f\u00f6ljefr\u00e5gor sparas informationen i sex m\u00e5nader. Information som vi kan komma att samla in om dig \u2013 Enhetsinformation: Vid bes\u00f6k p\u00e5 v\u00e5r hemsida kan data r\u00f6rande t.ex. IP-adress, spr\u00e5kinst\u00e4llningar, webbl\u00e4sarinst\u00e4llningar, din geografiska placering och annan information som \u00e4r h\u00e4nf\u00f6rlig till den enhet som du anv\u00e4nder f\u00f6r att bes\u00f6ka v\u00e5r hemsida samlas in om dig genom cookies. Cookies Den h\u00e4r webbplatsen anv\u00e4nder cookies. Vad \u00e4r en cookie och hur fungerar den? Cookies \u00e4r sm\u00e5 textfiler som sparas p\u00e5 din dator, telefon eller surfplatta n\u00e4r du bes\u00f6ker webbplatsen.Cookies hj\u00e4lper webbplatsen att komma ih\u00e5g dina inst\u00e4llningar och samla in information till statistik. Tanken \u00e4r bland annat att du inte ska beh\u00f6va g\u00f6ra om inst\u00e4llningarna varje g\u00e5ng du g\u00e5r in p\u00e5 webbplatsen eller bl\u00e4ddrar mellan olika sidor. Informationen som samlas in betr\u00e4ffande statistik \u00e4r anonym och inneh\u00e5ller vare sig namn, e-postadress eller n\u00e5gra andra uppgifter som kan kopplas till en s\u00e4rskild person. Cookies anv\u00e4nds ofta b\u00e5de f\u00f6r webbplatsens egen funktionalitet och av externa tj\u00e4nster som finns p\u00e5 webbplatsen, som till exempel sociala tj\u00e4nster som Facebook, eller komponenter f\u00f6r att samla in statistik. \u00c4ndra cookieinst\u00e4llningarna Hur webbl\u00e4saren hanterar cookies, vilka cookies till\u00e5ts eller nekas, kan anv\u00e4ndaren ange i webbl\u00e4sarens inst\u00e4llningar. Var exakt dessa inst\u00e4llningar \u00e4r beror pa webbl\u00e4saren. Detaljerad information kan n\u00e5s via hj\u00e4lpfunktionen hos respektive webbl\u00e4sare. Cookies p\u00e5 v\u00e5r hemsida Absolut n\u00f6dv\u00e4ndiga cookies f\u00f6r att s\u00e4kerst\u00e4lla grundl\u00e4ggande funktioner p\u00e5 webbplatsen: CookieConsent: Anv\u00e4nds f\u00f6r att lagra samtycke till att anv\u00e4nda cookies gaOptout: Anv\u00e4nds f\u00f6r att lagra opt-out av Google Analytics Google Analytics (se Google Analytics) Google Analytics Denna webbplats anv\u00e4nder Google Analytics, en webbanalystj\u00e4nst som tillhandah\u00e5lls av Google Inc. Google Analytics \u00e4r Googles analysverktyg som hj\u00e4lper oss att f\u00f6rst\u00e5 hur du som bes\u00f6kare anv\u00e4nder v\u00e5r hemsida. Programmet kan anv\u00e4nda en upps\u00e4ttning cookies f\u00f6r att samla in information och rapportera anv\u00e4ndningsstatistik utan att personligen identifiera enskilda bes\u00f6kare. Om du \u00f6nskar blockera denna typ av datainsamling kan du g\u00f6ra det genom att ladda ned och installera denna plugin: https:\/\/tools.google.com\/dlpage\/gaoptout?hl=en Du kan f\u00f6rhindra att anv\u00e4ndaruppgifterna samlas in av Google Analytics endast p\u00e5 den h\u00e4r webbplatsen genom att klicka p\u00e5 f\u00f6ljande l\u00e4nk. En opt-out-cookie kommer att st\u00e4llas in f\u00f6r att f\u00f6rhindra att dina data samlas in vid framtida bes\u00f6k p\u00e5 den h\u00e4r webbplatsen: [ga_optout] Den h\u00e4r webbplatsen anv\u00e4nder funktionen &#8222;IP-anonymisering&#8220;. D\u00e4rav \u00e4r bara en grov lokalisering m\u00f6jlig. R\u00e4tt till insyn, r\u00e4ttelse, radering och \u00e4ndam\u00e5lsbegr\u00e4nsning Du har alltid r\u00e4tt att kontakta oss f\u00f6r att f\u00e5 tillg\u00e5ng till de uppgifter vi har om dig, f\u00e5 uppgifterna r\u00e4ttade, raderade eller kr\u00e4va att v\u00e5r behandling av dina uppgifter begr\u00e4nsas.<\/p>\n","protected":false},"author":1,"featured_media":0,"parent":0,"menu_order":0,"comment_status":"closed","ping_status":"closed","template":"","meta":{"footnotes":""},"class_list":["post-841","page","type-page","status-publish","hentry"],"_links":{"self":[{"href":"https:\/\/www.irissjostrom.com\/index.php?rest_route=\/wp\/v2\/pages\/841","targetHints":{"allow":["GET"]}}],"collection":[{"href":"https:\/\/www.irissjostrom.com\/index.php?rest_route=\/wp\/v2\/pages"}],"about":[{"href":"https:\/\/www.irissjostrom.com\/index.php?rest_route=\/wp\/v2\/types\/page"}],"author":[{"embeddable":true,"href":"https:\/\/www.irissjostrom.com\/index.php?rest_route=\/wp\/v2\/users\/1"}],"replies":[{"embeddable":true,"href":"https:\/\/www.irissjostrom.com\/index.php?rest_route=%2Fwp%2Fv2%2Fcomments&post=841"}],"version-history":[{"count":23,"href":"https:\/\/www.irissjostrom.com\/index.php?rest_route=\/wp\/v2\/pages\/841\/revisions"}],"predecessor-version":[{"id":865,"href":"https:\/\/www.irissjostrom.com\/index.php?rest_route=\/wp\/v2\/pages\/841\/revisions\/865"}],"wp:attachment":[{"href":"https:\/\/www.irissjostrom.com\/index.php?rest_route=%2Fwp%2Fv2%2Fmedia&parent=841"}],"curies":[{"name":"wp","href":"https:\/\/api.w.org\/{rel}","templated":true}]}}