{"id":479,"date":"2016-07-25T14:31:40","date_gmt":"2016-07-25T12:31:40","guid":{"rendered":"https:\/\/www.irissjostrom.com\/?page_id=479"},"modified":"2021-08-21T15:35:00","modified_gmt":"2021-08-21T13:35:00","slug":"dukartable-clothes","status":"publish","type":"page","link":"https:\/\/www.irissjostrom.com\/?page_id=479","title":{"rendered":"Dukar\/Table Clothes"},"content":{"rendered":"\n\t\t<style type=\"text\/css\">\n\t\t\t#gallery-1 {\n\t\t\t\tmargin: auto;\n\t\t\t}\n\t\t\t#gallery-1 .gallery-item {\n\t\t\t\tfloat: left;\n\t\t\t\tmargin-top: 10px;\n\t\t\t\ttext-align: center;\n\t\t\t\twidth: 33%;\n\t\t\t}\n\t\t\t#gallery-1 img {\n\t\t\t\tborder: 2px solid #cfcfcf;\n\t\t\t}\n\t\t\t#gallery-1 .gallery-caption {\n\t\t\t\tmargin-left: 0;\n\t\t\t}\n\t\t\t\/* see gallery_shortcode() in wp-includes\/media.php *\/\n\t\t<\/style>\n\t\t<div id='gallery-1' class='gallery galleryid-479 gallery-columns-3 gallery-size-large'><dl class='gallery-item'>\n\t\t\t<dt class='gallery-icon landscape'>\n\t\t\t\t<a href='https:\/\/www.irissjostrom.com\/wp-content\/uploads\/2016\/07\/duk_02c.jpg'><img loading=\"lazy\" decoding=\"async\" width=\"1024\" height=\"577\" src=\"https:\/\/www.irissjostrom.com\/wp-content\/uploads\/2016\/07\/duk_02c-1024x577.jpg\" class=\"attachment-large size-large\" alt=\"\" aria-describedby=\"gallery-1-556\" srcset=\"https:\/\/www.irissjostrom.com\/wp-content\/uploads\/2016\/07\/duk_02c-1024x577.jpg 1024w, https:\/\/www.irissjostrom.com\/wp-content\/uploads\/2016\/07\/duk_02c-400x225.jpg 400w, https:\/\/www.irissjostrom.com\/wp-content\/uploads\/2016\/07\/duk_02c-768x432.jpg 768w, https:\/\/www.irissjostrom.com\/wp-content\/uploads\/2016\/07\/duk_02c.jpg 1126w\" sizes=\"auto, (max-width: 1024px) 100vw, 1024px\" \/><\/a>\n\t\t\t<\/dt>\n\t\t\t\t<dd class='wp-caption-text gallery-caption' id='gallery-1-556'>\n\t\t\t\tPoppana\n\t\t\t\t<\/dd><\/dl><dl class='gallery-item'>\n\t\t\t<dt class='gallery-icon landscape'>\n\t\t\t\t<a href='https:\/\/www.irissjostrom.com\/wp-content\/uploads\/2016\/07\/duk_04a.jpg'><img loading=\"lazy\" decoding=\"async\" width=\"1024\" height=\"577\" src=\"https:\/\/www.irissjostrom.com\/wp-content\/uploads\/2016\/07\/duk_04a-1024x577.jpg\" class=\"attachment-large size-large\" alt=\"\" aria-describedby=\"gallery-1-545\" srcset=\"https:\/\/www.irissjostrom.com\/wp-content\/uploads\/2016\/07\/duk_04a-1024x577.jpg 1024w, https:\/\/www.irissjostrom.com\/wp-content\/uploads\/2016\/07\/duk_04a-300x169.jpg 300w, https:\/\/www.irissjostrom.com\/wp-content\/uploads\/2016\/07\/duk_04a-768x432.jpg 768w, https:\/\/www.irissjostrom.com\/wp-content\/uploads\/2016\/07\/duk_04a.jpg 1126w\" sizes=\"auto, (max-width: 1024px) 100vw, 1024px\" \/><\/a>\n\t\t\t<\/dt>\n\t\t\t\t<dd class='wp-caption-text gallery-caption' id='gallery-1-545'>\n\t\t\t\tPoppana\n\t\t\t\t<\/dd><\/dl><dl class='gallery-item'>\n\t\t\t<dt class='gallery-icon landscape'>\n\t\t\t\t<a href='https:\/\/www.irissjostrom.com\/wp-content\/uploads\/2016\/07\/duk_02b.jpg'><img loading=\"lazy\" decoding=\"async\" width=\"1024\" height=\"577\" src=\"https:\/\/www.irissjostrom.com\/wp-content\/uploads\/2016\/07\/duk_02b-1024x577.jpg\" class=\"attachment-large size-large\" alt=\"\" aria-describedby=\"gallery-1-542\" srcset=\"https:\/\/www.irissjostrom.com\/wp-content\/uploads\/2016\/07\/duk_02b-1024x577.jpg 1024w, https:\/\/www.irissjostrom.com\/wp-content\/uploads\/2016\/07\/duk_02b-300x169.jpg 300w, https:\/\/www.irissjostrom.com\/wp-content\/uploads\/2016\/07\/duk_02b-768x432.jpg 768w, https:\/\/www.irissjostrom.com\/wp-content\/uploads\/2016\/07\/duk_02b.jpg 1126w\" sizes=\"auto, (max-width: 1024px) 100vw, 1024px\" \/><\/a>\n\t\t\t<\/dt>\n\t\t\t\t<dd class='wp-caption-text gallery-caption' id='gallery-1-542'>\n\t\t\t\tPoppana\n\t\t\t\t<\/dd><\/dl><br style=\"clear: both\" \/><dl class='gallery-item'>\n\t\t\t<dt class='gallery-icon landscape'>\n\t\t\t\t<a href='https:\/\/www.irissjostrom.com\/wp-content\/uploads\/2016\/07\/duk_03a.jpg'><img loading=\"lazy\" decoding=\"async\" width=\"1024\" height=\"577\" src=\"https:\/\/www.irissjostrom.com\/wp-content\/uploads\/2016\/07\/duk_03a-1024x577.jpg\" class=\"attachment-large size-large\" alt=\"\" aria-describedby=\"gallery-1-544\" srcset=\"https:\/\/www.irissjostrom.com\/wp-content\/uploads\/2016\/07\/duk_03a-1024x577.jpg 1024w, https:\/\/www.irissjostrom.com\/wp-content\/uploads\/2016\/07\/duk_03a-300x169.jpg 300w, https:\/\/www.irissjostrom.com\/wp-content\/uploads\/2016\/07\/duk_03a-768x432.jpg 768w, https:\/\/www.irissjostrom.com\/wp-content\/uploads\/2016\/07\/duk_03a.jpg 1126w\" sizes=\"auto, (max-width: 1024px) 100vw, 1024px\" \/><\/a>\n\t\t\t<\/dt>\n\t\t\t\t<dd class='wp-caption-text gallery-caption' id='gallery-1-544'>\n\t\t\t\tPoppana\n\t\t\t\t<\/dd><\/dl><dl class='gallery-item'>\n\t\t\t<dt class='gallery-icon landscape'>\n\t\t\t\t<a href='https:\/\/www.irissjostrom.com\/wp-content\/uploads\/2016\/07\/duk_02a.jpg'><img loading=\"lazy\" decoding=\"async\" width=\"1024\" height=\"577\" src=\"https:\/\/www.irissjostrom.com\/wp-content\/uploads\/2016\/07\/duk_02a-1024x577.jpg\" class=\"attachment-large size-large\" alt=\"\" aria-describedby=\"gallery-1-541\" srcset=\"https:\/\/www.irissjostrom.com\/wp-content\/uploads\/2016\/07\/duk_02a-1024x577.jpg 1024w, https:\/\/www.irissjostrom.com\/wp-content\/uploads\/2016\/07\/duk_02a-300x169.jpg 300w, https:\/\/www.irissjostrom.com\/wp-content\/uploads\/2016\/07\/duk_02a-768x432.jpg 768w, https:\/\/www.irissjostrom.com\/wp-content\/uploads\/2016\/07\/duk_02a.jpg 1126w\" sizes=\"auto, (max-width: 1024px) 100vw, 1024px\" \/><\/a>\n\t\t\t<\/dt>\n\t\t\t\t<dd class='wp-caption-text gallery-caption' id='gallery-1-541'>\n\t\t\t\tPoppana\n\t\t\t\t<\/dd><\/dl><dl class='gallery-item'>\n\t\t\t<dt class='gallery-icon landscape'>\n\t\t\t\t<a href='https:\/\/www.irissjostrom.com\/wp-content\/uploads\/2016\/07\/duk_08a.jpg'><img loading=\"lazy\" decoding=\"async\" width=\"1024\" height=\"576\" src=\"https:\/\/www.irissjostrom.com\/wp-content\/uploads\/2016\/07\/duk_08a-1024x576.jpg\" class=\"attachment-large size-large\" alt=\"\" aria-describedby=\"gallery-1-756\" srcset=\"https:\/\/www.irissjostrom.com\/wp-content\/uploads\/2016\/07\/duk_08a-1024x576.jpg 1024w, https:\/\/www.irissjostrom.com\/wp-content\/uploads\/2016\/07\/duk_08a-400x225.jpg 400w, https:\/\/www.irissjostrom.com\/wp-content\/uploads\/2016\/07\/duk_08a-768x432.jpg 768w, https:\/\/www.irissjostrom.com\/wp-content\/uploads\/2016\/07\/duk_08a-1170x658.jpg 1170w, https:\/\/www.irissjostrom.com\/wp-content\/uploads\/2016\/07\/duk_08a.jpg 1200w\" sizes=\"auto, (max-width: 1024px) 100vw, 1024px\" \/><\/a>\n\t\t\t<\/dt>\n\t\t\t\t<dd class='wp-caption-text gallery-caption' id='gallery-1-756'>\n\t\t\t\tPoppana\n\t\t\t\t<\/dd><\/dl><br style=\"clear: both\" \/><dl class='gallery-item'>\n\t\t\t<dt class='gallery-icon landscape'>\n\t\t\t\t<a href='https:\/\/www.irissjostrom.com\/wp-content\/uploads\/2016\/07\/duk_08b.jpg'><img loading=\"lazy\" decoding=\"async\" width=\"1024\" height=\"576\" src=\"https:\/\/www.irissjostrom.com\/wp-content\/uploads\/2016\/07\/duk_08b-1024x576.jpg\" class=\"attachment-large size-large\" alt=\"\" aria-describedby=\"gallery-1-757\" srcset=\"https:\/\/www.irissjostrom.com\/wp-content\/uploads\/2016\/07\/duk_08b-1024x576.jpg 1024w, https:\/\/www.irissjostrom.com\/wp-content\/uploads\/2016\/07\/duk_08b-400x225.jpg 400w, https:\/\/www.irissjostrom.com\/wp-content\/uploads\/2016\/07\/duk_08b-768x432.jpg 768w, https:\/\/www.irissjostrom.com\/wp-content\/uploads\/2016\/07\/duk_08b-1170x658.jpg 1170w, https:\/\/www.irissjostrom.com\/wp-content\/uploads\/2016\/07\/duk_08b.jpg 1200w\" sizes=\"auto, (max-width: 1024px) 100vw, 1024px\" \/><\/a>\n\t\t\t<\/dt>\n\t\t\t\t<dd class='wp-caption-text gallery-caption' id='gallery-1-757'>\n\t\t\t\tPoppana\n\t\t\t\t<\/dd><\/dl>\n\t\t\t<br style='clear: both' \/>\n\t\t<\/div>\n\n<h4>Poppana<\/h4>\n<p>Poppana \u00e4r en traditionell finsk teknik som kan anv\u00e4ndas f\u00f6r att g\u00f6ra tex. borddukar, dynor och v\u00e4skor. Poppana garn \u00e4r gjort av f\u00f6rv\u00e4vda bomullsremsor sk\u00e4rda diagonalt. Den luddiga kanten av tygremsorna skapar en intressant effekt till v\u00e4ven. Som r\u00e4nning anv\u00e4nder Iris fiskargarn.<\/p>\n<p>Poppana is a traditional Finnish technique and can be used for making table linens, clothing or other unique fabrics. Poppana &#8222;yarn&#8220; is made from pre-woven cottonstrips cut on the bias. The fuzzy edges of the cloth strips are used as part of the design element, creating a chenille type of effect to the weft. As warp Iris uses &#8222;fiskaryarn&#8220;.<\/p>\n\n\t\t<style type=\"text\/css\">\n\t\t\t#gallery-2 {\n\t\t\t\tmargin: auto;\n\t\t\t}\n\t\t\t#gallery-2 .gallery-item {\n\t\t\t\tfloat: left;\n\t\t\t\tmargin-top: 10px;\n\t\t\t\ttext-align: center;\n\t\t\t\twidth: 33%;\n\t\t\t}\n\t\t\t#gallery-2 img {\n\t\t\t\tborder: 2px solid #cfcfcf;\n\t\t\t}\n\t\t\t#gallery-2 .gallery-caption {\n\t\t\t\tmargin-left: 0;\n\t\t\t}\n\t\t\t\/* see gallery_shortcode() in wp-includes\/media.php *\/\n\t\t<\/style>\n\t\t<div id='gallery-2' class='gallery galleryid-479 gallery-columns-3 gallery-size-large'><dl class='gallery-item'>\n\t\t\t<dt class='gallery-icon landscape'>\n\t\t\t\t<a href='https:\/\/www.irissjostrom.com\/wp-content\/uploads\/2016\/07\/duk_05a.jpg'><img loading=\"lazy\" decoding=\"async\" width=\"1024\" height=\"577\" src=\"https:\/\/www.irissjostrom.com\/wp-content\/uploads\/2016\/07\/duk_05a-1024x577.jpg\" class=\"attachment-large size-large\" alt=\"\" aria-describedby=\"gallery-2-546\" srcset=\"https:\/\/www.irissjostrom.com\/wp-content\/uploads\/2016\/07\/duk_05a-1024x577.jpg 1024w, https:\/\/www.irissjostrom.com\/wp-content\/uploads\/2016\/07\/duk_05a-300x169.jpg 300w, https:\/\/www.irissjostrom.com\/wp-content\/uploads\/2016\/07\/duk_05a-768x432.jpg 768w, https:\/\/www.irissjostrom.com\/wp-content\/uploads\/2016\/07\/duk_05a.jpg 1126w\" sizes=\"auto, (max-width: 1024px) 100vw, 1024px\" \/><\/a>\n\t\t\t<\/dt>\n\t\t\t\t<dd class='wp-caption-text gallery-caption' id='gallery-2-546'>\n\t\t\t\tLinnel\u00f6pare \/ Linen Rug\n\t\t\t\t<\/dd><\/dl><dl class='gallery-item'>\n\t\t\t<dt class='gallery-icon landscape'>\n\t\t\t\t<a href='https:\/\/www.irissjostrom.com\/wp-content\/uploads\/2016\/07\/duk_01b.jpg'><img loading=\"lazy\" decoding=\"async\" width=\"1024\" height=\"577\" src=\"https:\/\/www.irissjostrom.com\/wp-content\/uploads\/2016\/07\/duk_01b-1024x577.jpg\" class=\"attachment-large size-large\" alt=\"\" aria-describedby=\"gallery-2-540\" srcset=\"https:\/\/www.irissjostrom.com\/wp-content\/uploads\/2016\/07\/duk_01b-1024x577.jpg 1024w, https:\/\/www.irissjostrom.com\/wp-content\/uploads\/2016\/07\/duk_01b-300x169.jpg 300w, https:\/\/www.irissjostrom.com\/wp-content\/uploads\/2016\/07\/duk_01b-768x432.jpg 768w, https:\/\/www.irissjostrom.com\/wp-content\/uploads\/2016\/07\/duk_01b.jpg 1126w\" sizes=\"auto, (max-width: 1024px) 100vw, 1024px\" \/><\/a>\n\t\t\t<\/dt>\n\t\t\t\t<dd class='wp-caption-text gallery-caption' id='gallery-2-540'>\n\t\t\t\tLinnel\u00f6pare \/ Linen Rug\n\t\t\t\t<\/dd><\/dl><dl class='gallery-item'>\n\t\t\t<dt class='gallery-icon landscape'>\n\t\t\t\t<a href='https:\/\/www.irissjostrom.com\/wp-content\/uploads\/2016\/07\/duk_01a.jpg'><img loading=\"lazy\" decoding=\"async\" width=\"1024\" height=\"577\" src=\"https:\/\/www.irissjostrom.com\/wp-content\/uploads\/2016\/07\/duk_01a-1024x577.jpg\" class=\"attachment-large size-large\" alt=\"\" aria-describedby=\"gallery-2-539\" srcset=\"https:\/\/www.irissjostrom.com\/wp-content\/uploads\/2016\/07\/duk_01a-1024x577.jpg 1024w, https:\/\/www.irissjostrom.com\/wp-content\/uploads\/2016\/07\/duk_01a-300x169.jpg 300w, https:\/\/www.irissjostrom.com\/wp-content\/uploads\/2016\/07\/duk_01a-768x432.jpg 768w, https:\/\/www.irissjostrom.com\/wp-content\/uploads\/2016\/07\/duk_01a.jpg 1126w\" sizes=\"auto, (max-width: 1024px) 100vw, 1024px\" \/><\/a>\n\t\t\t<\/dt>\n\t\t\t\t<dd class='wp-caption-text gallery-caption' id='gallery-2-539'>\n\t\t\t\tLinnel\u00f6pare \/ Linen Rug\n\t\t\t\t<\/dd><\/dl><br style=\"clear: both\" \/><dl class='gallery-item'>\n\t\t\t<dt class='gallery-icon landscape'>\n\t\t\t\t<a href='https:\/\/www.irissjostrom.com\/wp-content\/uploads\/2016\/07\/duk_06a.jpg'><img loading=\"lazy\" decoding=\"async\" width=\"1024\" height=\"576\" src=\"https:\/\/www.irissjostrom.com\/wp-content\/uploads\/2016\/07\/duk_06a-1024x576.jpg\" class=\"attachment-large size-large\" alt=\"\" aria-describedby=\"gallery-2-760\" srcset=\"https:\/\/www.irissjostrom.com\/wp-content\/uploads\/2016\/07\/duk_06a-1024x576.jpg 1024w, https:\/\/www.irissjostrom.com\/wp-content\/uploads\/2016\/07\/duk_06a-400x225.jpg 400w, https:\/\/www.irissjostrom.com\/wp-content\/uploads\/2016\/07\/duk_06a-768x432.jpg 768w, https:\/\/www.irissjostrom.com\/wp-content\/uploads\/2016\/07\/duk_06a-1170x658.jpg 1170w, https:\/\/www.irissjostrom.com\/wp-content\/uploads\/2016\/07\/duk_06a.jpg 1200w\" sizes=\"auto, (max-width: 1024px) 100vw, 1024px\" \/><\/a>\n\t\t\t<\/dt>\n\t\t\t\t<dd class='wp-caption-text gallery-caption' id='gallery-2-760'>\n\t\t\t\tLinnel\u00f6pare \/ Linen Rug\n\t\t\t\t<\/dd><\/dl><dl class='gallery-item'>\n\t\t\t<dt class='gallery-icon landscape'>\n\t\t\t\t<a href='https:\/\/www.irissjostrom.com\/wp-content\/uploads\/2016\/07\/duk_06b.jpg'><img loading=\"lazy\" decoding=\"async\" width=\"1024\" height=\"576\" src=\"https:\/\/www.irissjostrom.com\/wp-content\/uploads\/2016\/07\/duk_06b-1024x576.jpg\" class=\"attachment-large size-large\" alt=\"\" aria-describedby=\"gallery-2-761\" srcset=\"https:\/\/www.irissjostrom.com\/wp-content\/uploads\/2016\/07\/duk_06b-1024x576.jpg 1024w, https:\/\/www.irissjostrom.com\/wp-content\/uploads\/2016\/07\/duk_06b-400x225.jpg 400w, https:\/\/www.irissjostrom.com\/wp-content\/uploads\/2016\/07\/duk_06b-768x432.jpg 768w, https:\/\/www.irissjostrom.com\/wp-content\/uploads\/2016\/07\/duk_06b-1170x658.jpg 1170w, https:\/\/www.irissjostrom.com\/wp-content\/uploads\/2016\/07\/duk_06b.jpg 1200w\" sizes=\"auto, (max-width: 1024px) 100vw, 1024px\" \/><\/a>\n\t\t\t<\/dt>\n\t\t\t\t<dd class='wp-caption-text gallery-caption' id='gallery-2-761'>\n\t\t\t\tLinnel\u00f6pare \/ Linen Rug\n\t\t\t\t<\/dd><\/dl><dl class='gallery-item'>\n\t\t\t<dt class='gallery-icon landscape'>\n\t\t\t\t<a href='https:\/\/www.irissjostrom.com\/wp-content\/uploads\/2016\/07\/duk_07a.jpg'><img loading=\"lazy\" decoding=\"async\" width=\"1024\" height=\"576\" src=\"https:\/\/www.irissjostrom.com\/wp-content\/uploads\/2016\/07\/duk_07a-1024x576.jpg\" class=\"attachment-large size-large\" alt=\"\" aria-describedby=\"gallery-2-762\" srcset=\"https:\/\/www.irissjostrom.com\/wp-content\/uploads\/2016\/07\/duk_07a-1024x576.jpg 1024w, https:\/\/www.irissjostrom.com\/wp-content\/uploads\/2016\/07\/duk_07a-400x225.jpg 400w, https:\/\/www.irissjostrom.com\/wp-content\/uploads\/2016\/07\/duk_07a-768x432.jpg 768w, https:\/\/www.irissjostrom.com\/wp-content\/uploads\/2016\/07\/duk_07a-1170x658.jpg 1170w, https:\/\/www.irissjostrom.com\/wp-content\/uploads\/2016\/07\/duk_07a.jpg 1200w\" sizes=\"auto, (max-width: 1024px) 100vw, 1024px\" \/><\/a>\n\t\t\t<\/dt>\n\t\t\t\t<dd class='wp-caption-text gallery-caption' id='gallery-2-762'>\n\t\t\t\tLinnel\u00f6pare \/ Linen Rug\n\t\t\t\t<\/dd><\/dl><br style=\"clear: both\" \/><dl class='gallery-item'>\n\t\t\t<dt class='gallery-icon landscape'>\n\t\t\t\t<a href='https:\/\/www.irissjostrom.com\/wp-content\/uploads\/2016\/07\/duk_07b.jpg'><img loading=\"lazy\" decoding=\"async\" width=\"1024\" height=\"576\" src=\"https:\/\/www.irissjostrom.com\/wp-content\/uploads\/2016\/07\/duk_07b-1024x576.jpg\" class=\"attachment-large size-large\" alt=\"\" aria-describedby=\"gallery-2-763\" srcset=\"https:\/\/www.irissjostrom.com\/wp-content\/uploads\/2016\/07\/duk_07b-1024x576.jpg 1024w, https:\/\/www.irissjostrom.com\/wp-content\/uploads\/2016\/07\/duk_07b-400x225.jpg 400w, https:\/\/www.irissjostrom.com\/wp-content\/uploads\/2016\/07\/duk_07b-768x432.jpg 768w, https:\/\/www.irissjostrom.com\/wp-content\/uploads\/2016\/07\/duk_07b-1170x658.jpg 1170w, https:\/\/www.irissjostrom.com\/wp-content\/uploads\/2016\/07\/duk_07b.jpg 1200w\" sizes=\"auto, (max-width: 1024px) 100vw, 1024px\" \/><\/a>\n\t\t\t<\/dt>\n\t\t\t\t<dd class='wp-caption-text gallery-caption' id='gallery-2-763'>\n\t\t\t\tLinnel\u00f6pare \/ Linen Rug\n\t\t\t\t<\/dd><\/dl><dl class='gallery-item'>\n\t\t\t<dt class='gallery-icon landscape'>\n\t\t\t\t<a href='https:\/\/www.irissjostrom.com\/wp-content\/uploads\/2016\/07\/duk_09a.jpg'><img loading=\"lazy\" decoding=\"async\" width=\"1024\" height=\"576\" src=\"https:\/\/www.irissjostrom.com\/wp-content\/uploads\/2016\/07\/duk_09a-1024x576.jpg\" class=\"attachment-large size-large\" alt=\"\" aria-describedby=\"gallery-2-764\" srcset=\"https:\/\/www.irissjostrom.com\/wp-content\/uploads\/2016\/07\/duk_09a-1024x576.jpg 1024w, https:\/\/www.irissjostrom.com\/wp-content\/uploads\/2016\/07\/duk_09a-400x225.jpg 400w, https:\/\/www.irissjostrom.com\/wp-content\/uploads\/2016\/07\/duk_09a-768x432.jpg 768w, https:\/\/www.irissjostrom.com\/wp-content\/uploads\/2016\/07\/duk_09a-1170x658.jpg 1170w, https:\/\/www.irissjostrom.com\/wp-content\/uploads\/2016\/07\/duk_09a.jpg 1200w\" sizes=\"auto, (max-width: 1024px) 100vw, 1024px\" \/><\/a>\n\t\t\t<\/dt>\n\t\t\t\t<dd class='wp-caption-text gallery-caption' id='gallery-2-764'>\n\t\t\t\tLinnel\u00f6pare \/ Linen Rug\n\t\t\t\t<\/dd><\/dl><dl class='gallery-item'>\n\t\t\t<dt class='gallery-icon landscape'>\n\t\t\t\t<a href='https:\/\/www.irissjostrom.com\/wp-content\/uploads\/2016\/07\/duk_09b.jpg'><img loading=\"lazy\" decoding=\"async\" width=\"1024\" height=\"576\" src=\"https:\/\/www.irissjostrom.com\/wp-content\/uploads\/2016\/07\/duk_09b-1024x576.jpg\" class=\"attachment-large size-large\" alt=\"\" aria-describedby=\"gallery-2-765\" srcset=\"https:\/\/www.irissjostrom.com\/wp-content\/uploads\/2016\/07\/duk_09b-1024x576.jpg 1024w, https:\/\/www.irissjostrom.com\/wp-content\/uploads\/2016\/07\/duk_09b-400x225.jpg 400w, https:\/\/www.irissjostrom.com\/wp-content\/uploads\/2016\/07\/duk_09b-768x432.jpg 768w, https:\/\/www.irissjostrom.com\/wp-content\/uploads\/2016\/07\/duk_09b-1170x658.jpg 1170w, https:\/\/www.irissjostrom.com\/wp-content\/uploads\/2016\/07\/duk_09b.jpg 1200w\" sizes=\"auto, (max-width: 1024px) 100vw, 1024px\" \/><\/a>\n\t\t\t<\/dt>\n\t\t\t\t<dd class='wp-caption-text gallery-caption' id='gallery-2-765'>\n\t\t\t\tLinnel\u00f6pare \/ Linen Rug\n\t\t\t\t<\/dd><\/dl><br style=\"clear: both\" \/><dl class='gallery-item'>\n\t\t\t<dt class='gallery-icon landscape'>\n\t\t\t\t<a href='https:\/\/www.irissjostrom.com\/wp-content\/uploads\/2016\/07\/duk_10a.jpg'><img loading=\"lazy\" decoding=\"async\" width=\"1024\" height=\"576\" src=\"https:\/\/www.irissjostrom.com\/wp-content\/uploads\/2016\/07\/duk_10a-1024x576.jpg\" class=\"attachment-large size-large\" alt=\"\" aria-describedby=\"gallery-2-766\" srcset=\"https:\/\/www.irissjostrom.com\/wp-content\/uploads\/2016\/07\/duk_10a-1024x576.jpg 1024w, https:\/\/www.irissjostrom.com\/wp-content\/uploads\/2016\/07\/duk_10a-400x225.jpg 400w, https:\/\/www.irissjostrom.com\/wp-content\/uploads\/2016\/07\/duk_10a-768x432.jpg 768w, https:\/\/www.irissjostrom.com\/wp-content\/uploads\/2016\/07\/duk_10a-1170x658.jpg 1170w, https:\/\/www.irissjostrom.com\/wp-content\/uploads\/2016\/07\/duk_10a.jpg 1200w\" sizes=\"auto, (max-width: 1024px) 100vw, 1024px\" \/><\/a>\n\t\t\t<\/dt>\n\t\t\t\t<dd class='wp-caption-text gallery-caption' id='gallery-2-766'>\n\t\t\t\tLinnel\u00f6pare \/ Linen Rug\n\t\t\t\t<\/dd><\/dl><dl class='gallery-item'>\n\t\t\t<dt class='gallery-icon landscape'>\n\t\t\t\t<a href='https:\/\/www.irissjostrom.com\/wp-content\/uploads\/2016\/07\/duk_10b.jpg'><img loading=\"lazy\" decoding=\"async\" width=\"1024\" height=\"576\" src=\"https:\/\/www.irissjostrom.com\/wp-content\/uploads\/2016\/07\/duk_10b-1024x576.jpg\" class=\"attachment-large size-large\" alt=\"\" aria-describedby=\"gallery-2-767\" srcset=\"https:\/\/www.irissjostrom.com\/wp-content\/uploads\/2016\/07\/duk_10b-1024x576.jpg 1024w, https:\/\/www.irissjostrom.com\/wp-content\/uploads\/2016\/07\/duk_10b-400x225.jpg 400w, https:\/\/www.irissjostrom.com\/wp-content\/uploads\/2016\/07\/duk_10b-768x432.jpg 768w, https:\/\/www.irissjostrom.com\/wp-content\/uploads\/2016\/07\/duk_10b-1170x658.jpg 1170w, https:\/\/www.irissjostrom.com\/wp-content\/uploads\/2016\/07\/duk_10b.jpg 1200w\" sizes=\"auto, (max-width: 1024px) 100vw, 1024px\" \/><\/a>\n\t\t\t<\/dt>\n\t\t\t\t<dd class='wp-caption-text gallery-caption' id='gallery-2-767'>\n\t\t\t\tLinnel\u00f6pare \/ Linen Rug\n\t\t\t\t<\/dd><\/dl>\n\t\t\t<br style='clear: both' \/>\n\t\t<\/div>\n\n<h4>Linnel\u00f6pare\/Linen Rugs<\/h4>\n<p>Iris anv\u00e4nder bomullsr\u00e4nning f\u00f6r sina linnel\u00f6pare. Bredden \u00e4r 40cm eller 48cm.<br \/>\nIris uses cottonwarp for her linenrugs. The width of the rug is either 40cm or 48cm.<\/p>\n","protected":false},"excerpt":{"rendered":"<p>Poppana Poppana \u00e4r en traditionell finsk teknik som kan anv\u00e4ndas f\u00f6r att g\u00f6ra tex. borddukar, dynor och v\u00e4skor. Poppana garn \u00e4r gjort av f\u00f6rv\u00e4vda bomullsremsor sk\u00e4rda diagonalt. Den luddiga kanten av tygremsorna skapar en intressant effekt till v\u00e4ven. Som r\u00e4nning anv\u00e4nder Iris fiskargarn. Poppana is a traditional Finnish technique and can be used for making table linens, clothing or other unique fabrics. Poppana &#8222;yarn&#8220; is made from pre-woven cottonstrips cut on the bias. The fuzzy edges of the cloth strips are used as part of the design element, creating a chenille type of effect to the weft. As warp Iris uses &#8222;fiskaryarn&#8220;. Linnel\u00f6pare\/Linen Rugs Iris anv\u00e4nder bomullsr\u00e4nning f\u00f6r sina linnel\u00f6pare. Bredden \u00e4r 40cm eller 48cm. Iris uses cottonwarp for her linenrugs. The width of the rug is either 40cm or 48cm.<\/p>\n","protected":false},"author":1,"featured_media":0,"parent":0,"menu_order":0,"comment_status":"closed","ping_status":"closed","template":"","meta":{"footnotes":""},"class_list":["post-479","page","type-page","status-publish","hentry"],"_links":{"self":[{"href":"https:\/\/www.irissjostrom.com\/index.php?rest_route=\/wp\/v2\/pages\/479","targetHints":{"allow":["GET"]}}],"collection":[{"href":"https:\/\/www.irissjostrom.com\/index.php?rest_route=\/wp\/v2\/pages"}],"about":[{"href":"https:\/\/www.irissjostrom.com\/index.php?rest_route=\/wp\/v2\/types\/page"}],"author":[{"embeddable":true,"href":"https:\/\/www.irissjostrom.com\/index.php?rest_route=\/wp\/v2\/users\/1"}],"replies":[{"embeddable":true,"href":"https:\/\/www.irissjostrom.com\/index.php?rest_route=%2Fwp%2Fv2%2Fcomments&post=479"}],"version-history":[{"count":22,"href":"https:\/\/www.irissjostrom.com\/index.php?rest_route=\/wp\/v2\/pages\/479\/revisions"}],"predecessor-version":[{"id":971,"href":"https:\/\/www.irissjostrom.com\/index.php?rest_route=\/wp\/v2\/pages\/479\/revisions\/971"}],"wp:attachment":[{"href":"https:\/\/www.irissjostrom.com\/index.php?rest_route=%2Fwp%2Fv2%2Fmedia&parent=479"}],"curies":[{"name":"wp","href":"https:\/\/api.w.org\/{rel}","templated":true}]}}