{"id":477,"date":"2016-07-25T14:30:29","date_gmt":"2016-07-25T12:30:29","guid":{"rendered":"https:\/\/www.irissjostrom.com\/?page_id=477"},"modified":"2021-07-22T09:41:48","modified_gmt":"2021-07-22T07:41:48","slug":"rutvaevsquare-weave","status":"publish","type":"page","link":"https:\/\/www.irissjostrom.com\/?page_id=477","title":{"rendered":"Rutv\u00e4v\/Square Weave"},"content":{"rendered":"\n\t\t<style type=\"text\/css\">\n\t\t\t#gallery-1 {\n\t\t\t\tmargin: auto;\n\t\t\t}\n\t\t\t#gallery-1 .gallery-item {\n\t\t\t\tfloat: left;\n\t\t\t\tmargin-top: 10px;\n\t\t\t\ttext-align: center;\n\t\t\t\twidth: 25%;\n\t\t\t}\n\t\t\t#gallery-1 img {\n\t\t\t\tborder: 2px solid #cfcfcf;\n\t\t\t}\n\t\t\t#gallery-1 .gallery-caption {\n\t\t\t\tmargin-left: 0;\n\t\t\t}\n\t\t\t\/* see gallery_shortcode() in wp-includes\/media.php *\/\n\t\t<\/style>\n\t\t<div id='gallery-1' class='gallery galleryid-477 gallery-columns-4 gallery-size-large'><dl class='gallery-item'>\n\t\t\t<dt class='gallery-icon portrait'>\n\t\t\t\t<a href='https:\/\/www.irissjostrom.com\/wp-content\/uploads\/2016\/07\/DSC06786.jpg'><img loading=\"lazy\" decoding=\"async\" width=\"576\" height=\"1024\" src=\"https:\/\/www.irissjostrom.com\/wp-content\/uploads\/2016\/07\/DSC06786-576x1024.jpg\" class=\"attachment-large size-large\" alt=\"Iris Sj\u00f6str\u00f6m Stoldyna rutv\u00e4v\" srcset=\"https:\/\/www.irissjostrom.com\/wp-content\/uploads\/2016\/07\/DSC06786-576x1024.jpg 576w, https:\/\/www.irissjostrom.com\/wp-content\/uploads\/2016\/07\/DSC06786-225x400.jpg 225w, https:\/\/www.irissjostrom.com\/wp-content\/uploads\/2016\/07\/DSC06786-768x1364.jpg 768w, https:\/\/www.irissjostrom.com\/wp-content\/uploads\/2016\/07\/DSC06786.jpg 900w\" sizes=\"auto, (max-width: 576px) 100vw, 576px\" \/><\/a>\n\t\t\t<\/dt><\/dl><dl class='gallery-item'>\n\t\t\t<dt class='gallery-icon portrait'>\n\t\t\t\t<a href='https:\/\/www.irissjostrom.com\/wp-content\/uploads\/2016\/07\/DSC06787.jpg'><img loading=\"lazy\" decoding=\"async\" width=\"576\" height=\"1024\" src=\"https:\/\/www.irissjostrom.com\/wp-content\/uploads\/2016\/07\/DSC06787-576x1024.jpg\" class=\"attachment-large size-large\" alt=\"Iris Sj\u00f6str\u00f6m Stoldyna rutv\u00e4v\" srcset=\"https:\/\/www.irissjostrom.com\/wp-content\/uploads\/2016\/07\/DSC06787-576x1024.jpg 576w, https:\/\/www.irissjostrom.com\/wp-content\/uploads\/2016\/07\/DSC06787-225x400.jpg 225w, https:\/\/www.irissjostrom.com\/wp-content\/uploads\/2016\/07\/DSC06787-768x1364.jpg 768w, https:\/\/www.irissjostrom.com\/wp-content\/uploads\/2016\/07\/DSC06787.jpg 900w\" sizes=\"auto, (max-width: 576px) 100vw, 576px\" \/><\/a>\n\t\t\t<\/dt><\/dl><dl class='gallery-item'>\n\t\t\t<dt class='gallery-icon portrait'>\n\t\t\t\t<a href='https:\/\/www.irissjostrom.com\/wp-content\/uploads\/2016\/07\/DSC06790.jpg'><img loading=\"lazy\" decoding=\"async\" width=\"576\" height=\"1024\" src=\"https:\/\/www.irissjostrom.com\/wp-content\/uploads\/2016\/07\/DSC06790-576x1024.jpg\" class=\"attachment-large size-large\" alt=\"Iris Sj\u00f6str\u00f6m Stoldyna rutv\u00e4v\" srcset=\"https:\/\/www.irissjostrom.com\/wp-content\/uploads\/2016\/07\/DSC06790-576x1024.jpg 576w, https:\/\/www.irissjostrom.com\/wp-content\/uploads\/2016\/07\/DSC06790-225x400.jpg 225w, https:\/\/www.irissjostrom.com\/wp-content\/uploads\/2016\/07\/DSC06790-768x1364.jpg 768w, https:\/\/www.irissjostrom.com\/wp-content\/uploads\/2016\/07\/DSC06790.jpg 900w\" sizes=\"auto, (max-width: 576px) 100vw, 576px\" \/><\/a>\n\t\t\t<\/dt><\/dl><dl class='gallery-item'>\n\t\t\t<dt class='gallery-icon portrait'>\n\t\t\t\t<a href='https:\/\/www.irissjostrom.com\/wp-content\/uploads\/2016\/07\/DSC06798.jpg'><img loading=\"lazy\" decoding=\"async\" width=\"576\" height=\"1024\" src=\"https:\/\/www.irissjostrom.com\/wp-content\/uploads\/2016\/07\/DSC06798-576x1024.jpg\" class=\"attachment-large size-large\" alt=\"Iris Sj\u00f6str\u00f6m Stoldyna rutv\u00e4v\" srcset=\"https:\/\/www.irissjostrom.com\/wp-content\/uploads\/2016\/07\/DSC06798-576x1024.jpg 576w, https:\/\/www.irissjostrom.com\/wp-content\/uploads\/2016\/07\/DSC06798-225x400.jpg 225w, https:\/\/www.irissjostrom.com\/wp-content\/uploads\/2016\/07\/DSC06798-768x1364.jpg 768w, https:\/\/www.irissjostrom.com\/wp-content\/uploads\/2016\/07\/DSC06798.jpg 900w\" sizes=\"auto, (max-width: 576px) 100vw, 576px\" \/><\/a>\n\t\t\t<\/dt><\/dl><br style=\"clear: both\" \/><dl class='gallery-item'>\n\t\t\t<dt class='gallery-icon portrait'>\n\t\t\t\t<a href='https:\/\/www.irissjostrom.com\/wp-content\/uploads\/2016\/07\/DSC06803.jpg'><img loading=\"lazy\" decoding=\"async\" width=\"576\" height=\"1024\" src=\"https:\/\/www.irissjostrom.com\/wp-content\/uploads\/2016\/07\/DSC06803-576x1024.jpg\" class=\"attachment-large size-large\" alt=\"Iris Sj\u00f6str\u00f6m Stoldyna rutv\u00e4v\" srcset=\"https:\/\/www.irissjostrom.com\/wp-content\/uploads\/2016\/07\/DSC06803-576x1024.jpg 576w, https:\/\/www.irissjostrom.com\/wp-content\/uploads\/2016\/07\/DSC06803-225x400.jpg 225w, https:\/\/www.irissjostrom.com\/wp-content\/uploads\/2016\/07\/DSC06803-768x1364.jpg 768w, https:\/\/www.irissjostrom.com\/wp-content\/uploads\/2016\/07\/DSC06803.jpg 900w\" sizes=\"auto, (max-width: 576px) 100vw, 576px\" \/><\/a>\n\t\t\t<\/dt><\/dl><dl class='gallery-item'>\n\t\t\t<dt class='gallery-icon portrait'>\n\t\t\t\t<a href='https:\/\/www.irissjostrom.com\/wp-content\/uploads\/2016\/07\/DSC06810.jpg'><img loading=\"lazy\" decoding=\"async\" width=\"576\" height=\"1024\" src=\"https:\/\/www.irissjostrom.com\/wp-content\/uploads\/2016\/07\/DSC06810-576x1024.jpg\" class=\"attachment-large size-large\" alt=\"Iris Sj\u00f6str\u00f6m Stoldyna rutv\u00e4v\" srcset=\"https:\/\/www.irissjostrom.com\/wp-content\/uploads\/2016\/07\/DSC06810-576x1024.jpg 576w, https:\/\/www.irissjostrom.com\/wp-content\/uploads\/2016\/07\/DSC06810-225x400.jpg 225w, https:\/\/www.irissjostrom.com\/wp-content\/uploads\/2016\/07\/DSC06810-768x1364.jpg 768w, https:\/\/www.irissjostrom.com\/wp-content\/uploads\/2016\/07\/DSC06810.jpg 900w\" sizes=\"auto, (max-width: 576px) 100vw, 576px\" \/><\/a>\n\t\t\t<\/dt><\/dl><dl class='gallery-item'>\n\t\t\t<dt class='gallery-icon portrait'>\n\t\t\t\t<a href='https:\/\/www.irissjostrom.com\/wp-content\/uploads\/2016\/07\/DSC06813.jpg'><img loading=\"lazy\" decoding=\"async\" width=\"576\" height=\"1024\" src=\"https:\/\/www.irissjostrom.com\/wp-content\/uploads\/2016\/07\/DSC06813-576x1024.jpg\" class=\"attachment-large size-large\" alt=\"Stoldyna rutv\u00e4v\" srcset=\"https:\/\/www.irissjostrom.com\/wp-content\/uploads\/2016\/07\/DSC06813-576x1024.jpg 576w, https:\/\/www.irissjostrom.com\/wp-content\/uploads\/2016\/07\/DSC06813-225x400.jpg 225w, https:\/\/www.irissjostrom.com\/wp-content\/uploads\/2016\/07\/DSC06813-768x1364.jpg 768w, https:\/\/www.irissjostrom.com\/wp-content\/uploads\/2016\/07\/DSC06813.jpg 900w\" sizes=\"auto, (max-width: 576px) 100vw, 576px\" \/><\/a>\n\t\t\t<\/dt><\/dl><dl class='gallery-item'>\n\t\t\t<dt class='gallery-icon portrait'>\n\t\t\t\t<a href='https:\/\/www.irissjostrom.com\/wp-content\/uploads\/2016\/07\/DSC02420.jpg'><img loading=\"lazy\" decoding=\"async\" width=\"768\" height=\"1024\" src=\"https:\/\/www.irissjostrom.com\/wp-content\/uploads\/2016\/07\/DSC02420-768x1024.jpg\" class=\"attachment-large size-large\" alt=\"Iris Sj\u00f6str\u00f6m gungstolsdyna rutv\u00e4v\" srcset=\"https:\/\/www.irissjostrom.com\/wp-content\/uploads\/2016\/07\/DSC02420-768x1024.jpg 768w, https:\/\/www.irissjostrom.com\/wp-content\/uploads\/2016\/07\/DSC02420-300x400.jpg 300w, https:\/\/www.irissjostrom.com\/wp-content\/uploads\/2016\/07\/DSC02420.jpg 900w\" sizes=\"auto, (max-width: 768px) 100vw, 768px\" \/><\/a>\n\t\t\t<\/dt><\/dl><br style=\"clear: both\" \/><dl class='gallery-item'>\n\t\t\t<dt class='gallery-icon portrait'>\n\t\t\t\t<a href='https:\/\/www.irissjostrom.com\/wp-content\/uploads\/2016\/07\/DSC02423.jpg'><img loading=\"lazy\" decoding=\"async\" width=\"768\" height=\"1024\" src=\"https:\/\/www.irissjostrom.com\/wp-content\/uploads\/2016\/07\/DSC02423-768x1024.jpg\" class=\"attachment-large size-large\" alt=\"Iris Sj\u00f6str\u00f6m gungstolsdyna rutv\u00e4v\" srcset=\"https:\/\/www.irissjostrom.com\/wp-content\/uploads\/2016\/07\/DSC02423-768x1024.jpg 768w, https:\/\/www.irissjostrom.com\/wp-content\/uploads\/2016\/07\/DSC02423-300x400.jpg 300w, https:\/\/www.irissjostrom.com\/wp-content\/uploads\/2016\/07\/DSC02423.jpg 900w\" sizes=\"auto, (max-width: 768px) 100vw, 768px\" \/><\/a>\n\t\t\t<\/dt><\/dl><dl class='gallery-item'>\n\t\t\t<dt class='gallery-icon portrait'>\n\t\t\t\t<a href='https:\/\/www.irissjostrom.com\/wp-content\/uploads\/2016\/07\/DSC02427.jpg'><img loading=\"lazy\" decoding=\"async\" width=\"768\" height=\"1024\" src=\"https:\/\/www.irissjostrom.com\/wp-content\/uploads\/2016\/07\/DSC02427-768x1024.jpg\" class=\"attachment-large size-large\" alt=\"Iris Sj\u00f6str\u00f6m gungstolsdyna rutv\u00e4v\" srcset=\"https:\/\/www.irissjostrom.com\/wp-content\/uploads\/2016\/07\/DSC02427-768x1024.jpg 768w, https:\/\/www.irissjostrom.com\/wp-content\/uploads\/2016\/07\/DSC02427-300x400.jpg 300w, https:\/\/www.irissjostrom.com\/wp-content\/uploads\/2016\/07\/DSC02427.jpg 900w\" sizes=\"auto, (max-width: 768px) 100vw, 768px\" \/><\/a>\n\t\t\t<\/dt><\/dl><dl class='gallery-item'>\n\t\t\t<dt class='gallery-icon portrait'>\n\t\t\t\t<a href='https:\/\/www.irissjostrom.com\/wp-content\/uploads\/2016\/07\/DSC02451.jpg'><img loading=\"lazy\" decoding=\"async\" width=\"768\" height=\"1024\" src=\"https:\/\/www.irissjostrom.com\/wp-content\/uploads\/2016\/07\/DSC02451-768x1024.jpg\" class=\"attachment-large size-large\" alt=\"Iris Sj\u00f6str\u00f6m gungstolsdyna rutv\u00e4v\" srcset=\"https:\/\/www.irissjostrom.com\/wp-content\/uploads\/2016\/07\/DSC02451-768x1024.jpg 768w, https:\/\/www.irissjostrom.com\/wp-content\/uploads\/2016\/07\/DSC02451-300x400.jpg 300w, https:\/\/www.irissjostrom.com\/wp-content\/uploads\/2016\/07\/DSC02451.jpg 900w\" sizes=\"auto, (max-width: 768px) 100vw, 768px\" \/><\/a>\n\t\t\t<\/dt><\/dl><dl class='gallery-item'>\n\t\t\t<dt class='gallery-icon portrait'>\n\t\t\t\t<a href='https:\/\/www.irissjostrom.com\/wp-content\/uploads\/2016\/07\/DSC02434.jpg'><img loading=\"lazy\" decoding=\"async\" width=\"768\" height=\"1024\" src=\"https:\/\/www.irissjostrom.com\/wp-content\/uploads\/2016\/07\/DSC02434-768x1024.jpg\" class=\"attachment-large size-large\" alt=\"Iris Sj\u00f6str\u00f6m gungstolsdyna rutv\u00e4v\" srcset=\"https:\/\/www.irissjostrom.com\/wp-content\/uploads\/2016\/07\/DSC02434-768x1024.jpg 768w, https:\/\/www.irissjostrom.com\/wp-content\/uploads\/2016\/07\/DSC02434-300x400.jpg 300w, https:\/\/www.irissjostrom.com\/wp-content\/uploads\/2016\/07\/DSC02434.jpg 900w\" sizes=\"auto, (max-width: 768px) 100vw, 768px\" \/><\/a>\n\t\t\t<\/dt><\/dl><br style=\"clear: both\" \/><dl class='gallery-item'>\n\t\t\t<dt class='gallery-icon portrait'>\n\t\t\t\t<a href='https:\/\/www.irissjostrom.com\/wp-content\/uploads\/2016\/07\/DSC02443.jpg'><img loading=\"lazy\" decoding=\"async\" width=\"768\" height=\"1024\" src=\"https:\/\/www.irissjostrom.com\/wp-content\/uploads\/2016\/07\/DSC02443-768x1024.jpg\" class=\"attachment-large size-large\" alt=\"Iris Sj\u00f6str\u00f6m gungstolsdyna rutv\u00e4v\" srcset=\"https:\/\/www.irissjostrom.com\/wp-content\/uploads\/2016\/07\/DSC02443-768x1024.jpg 768w, https:\/\/www.irissjostrom.com\/wp-content\/uploads\/2016\/07\/DSC02443-300x400.jpg 300w, https:\/\/www.irissjostrom.com\/wp-content\/uploads\/2016\/07\/DSC02443.jpg 900w\" sizes=\"auto, (max-width: 768px) 100vw, 768px\" \/><\/a>\n\t\t\t<\/dt><\/dl><dl class='gallery-item'>\n\t\t\t<dt class='gallery-icon portrait'>\n\t\t\t\t<a href='https:\/\/www.irissjostrom.com\/wp-content\/uploads\/2016\/07\/DSC02458.jpg'><img loading=\"lazy\" decoding=\"async\" width=\"768\" height=\"1024\" src=\"https:\/\/www.irissjostrom.com\/wp-content\/uploads\/2016\/07\/DSC02458-768x1024.jpg\" class=\"attachment-large size-large\" alt=\"Iris Sj\u00f6str\u00f6m gungstolsdyna rutv\u00e4v\" srcset=\"https:\/\/www.irissjostrom.com\/wp-content\/uploads\/2016\/07\/DSC02458-768x1024.jpg 768w, https:\/\/www.irissjostrom.com\/wp-content\/uploads\/2016\/07\/DSC02458-300x400.jpg 300w, https:\/\/www.irissjostrom.com\/wp-content\/uploads\/2016\/07\/DSC02458.jpg 900w\" sizes=\"auto, (max-width: 768px) 100vw, 768px\" \/><\/a>\n\t\t\t<\/dt><\/dl><dl class='gallery-item'>\n\t\t\t<dt class='gallery-icon portrait'>\n\t\t\t\t<a href='https:\/\/www.irissjostrom.com\/wp-content\/uploads\/2016\/07\/DSC02461.jpg'><img loading=\"lazy\" decoding=\"async\" width=\"768\" height=\"1024\" src=\"https:\/\/www.irissjostrom.com\/wp-content\/uploads\/2016\/07\/DSC02461-768x1024.jpg\" class=\"attachment-large size-large\" alt=\"Iris Sj\u00f6str\u00f6m gungstolsdyna rutv\u00e4v\" srcset=\"https:\/\/www.irissjostrom.com\/wp-content\/uploads\/2016\/07\/DSC02461-768x1024.jpg 768w, https:\/\/www.irissjostrom.com\/wp-content\/uploads\/2016\/07\/DSC02461-300x400.jpg 300w, https:\/\/www.irissjostrom.com\/wp-content\/uploads\/2016\/07\/DSC02461.jpg 900w\" sizes=\"auto, (max-width: 768px) 100vw, 768px\" \/><\/a>\n\t\t\t<\/dt><\/dl><dl class='gallery-item'>\n\t\t\t<dt class='gallery-icon portrait'>\n\t\t\t\t<a href='https:\/\/www.irissjostrom.com\/wp-content\/uploads\/2016\/07\/DSC02463.jpg'><img loading=\"lazy\" decoding=\"async\" width=\"768\" height=\"1024\" src=\"https:\/\/www.irissjostrom.com\/wp-content\/uploads\/2016\/07\/DSC02463-768x1024.jpg\" class=\"attachment-large size-large\" alt=\"Iris Sj\u00f6str\u00f6m gungstolsdyna rutv\u00e4v\" srcset=\"https:\/\/www.irissjostrom.com\/wp-content\/uploads\/2016\/07\/DSC02463-768x1024.jpg 768w, https:\/\/www.irissjostrom.com\/wp-content\/uploads\/2016\/07\/DSC02463-300x400.jpg 300w, https:\/\/www.irissjostrom.com\/wp-content\/uploads\/2016\/07\/DSC02463.jpg 900w\" sizes=\"auto, (max-width: 768px) 100vw, 768px\" \/><\/a>\n\t\t\t<\/dt><\/dl><br style=\"clear: both\" \/><dl class='gallery-item'>\n\t\t\t<dt class='gallery-icon portrait'>\n\t\t\t\t<a href='https:\/\/www.irissjostrom.com\/wp-content\/uploads\/2016\/07\/DSC02545.jpg'><img loading=\"lazy\" decoding=\"async\" width=\"768\" height=\"1024\" src=\"https:\/\/www.irissjostrom.com\/wp-content\/uploads\/2016\/07\/DSC02545-768x1024.jpg\" class=\"attachment-large size-large\" alt=\"Iris Sj\u00f6str\u00f6m gungstolsdyna rutv\u00e4v\" srcset=\"https:\/\/www.irissjostrom.com\/wp-content\/uploads\/2016\/07\/DSC02545-768x1024.jpg 768w, https:\/\/www.irissjostrom.com\/wp-content\/uploads\/2016\/07\/DSC02545-300x400.jpg 300w, https:\/\/www.irissjostrom.com\/wp-content\/uploads\/2016\/07\/DSC02545.jpg 900w\" sizes=\"auto, (max-width: 768px) 100vw, 768px\" \/><\/a>\n\t\t\t<\/dt><\/dl><dl class='gallery-item'>\n\t\t\t<dt class='gallery-icon portrait'>\n\t\t\t\t<a href='https:\/\/www.irissjostrom.com\/wp-content\/uploads\/2016\/07\/stol_01.jpg'><img loading=\"lazy\" decoding=\"async\" width=\"768\" height=\"1024\" src=\"https:\/\/www.irissjostrom.com\/wp-content\/uploads\/2016\/07\/stol_01-768x1024.jpg\" class=\"attachment-large size-large\" alt=\"Iris Sj\u00f6str\u00f6m Stoldyna rutv\u00e4v\" srcset=\"https:\/\/www.irissjostrom.com\/wp-content\/uploads\/2016\/07\/stol_01-768x1024.jpg 768w, https:\/\/www.irissjostrom.com\/wp-content\/uploads\/2016\/07\/stol_01-300x400.jpg 300w, https:\/\/www.irissjostrom.com\/wp-content\/uploads\/2016\/07\/stol_01.jpg 900w\" sizes=\"auto, (max-width: 768px) 100vw, 768px\" \/><\/a>\n\t\t\t<\/dt><\/dl><dl class='gallery-item'>\n\t\t\t<dt class='gallery-icon portrait'>\n\t\t\t\t<a href='https:\/\/www.irissjostrom.com\/wp-content\/uploads\/2016\/07\/stol_02.jpg'><img loading=\"lazy\" decoding=\"async\" width=\"768\" height=\"1024\" src=\"https:\/\/www.irissjostrom.com\/wp-content\/uploads\/2016\/07\/stol_02-768x1024.jpg\" class=\"attachment-large size-large\" alt=\"Iris Sj\u00f6str\u00f6m Stoldyna rutv\u00e4v\" srcset=\"https:\/\/www.irissjostrom.com\/wp-content\/uploads\/2016\/07\/stol_02-768x1024.jpg 768w, https:\/\/www.irissjostrom.com\/wp-content\/uploads\/2016\/07\/stol_02-300x400.jpg 300w, https:\/\/www.irissjostrom.com\/wp-content\/uploads\/2016\/07\/stol_02.jpg 900w\" sizes=\"auto, (max-width: 768px) 100vw, 768px\" \/><\/a>\n\t\t\t<\/dt><\/dl><dl class='gallery-item'>\n\t\t\t<dt class='gallery-icon portrait'>\n\t\t\t\t<a href='https:\/\/www.irissjostrom.com\/wp-content\/uploads\/2016\/07\/stol_03.jpg'><img loading=\"lazy\" decoding=\"async\" width=\"768\" height=\"1024\" src=\"https:\/\/www.irissjostrom.com\/wp-content\/uploads\/2016\/07\/stol_03-768x1024.jpg\" class=\"attachment-large size-large\" alt=\"Iris Sj\u00f6str\u00f6m Stoldyna rutv\u00e4v\" srcset=\"https:\/\/www.irissjostrom.com\/wp-content\/uploads\/2016\/07\/stol_03-768x1024.jpg 768w, https:\/\/www.irissjostrom.com\/wp-content\/uploads\/2016\/07\/stol_03-300x400.jpg 300w, https:\/\/www.irissjostrom.com\/wp-content\/uploads\/2016\/07\/stol_03.jpg 900w\" sizes=\"auto, (max-width: 768px) 100vw, 768px\" \/><\/a>\n\t\t\t<\/dt><\/dl><br style=\"clear: both\" \/><dl class='gallery-item'>\n\t\t\t<dt class='gallery-icon portrait'>\n\t\t\t\t<a href='https:\/\/www.irissjostrom.com\/wp-content\/uploads\/2016\/07\/stol_04.jpg'><img loading=\"lazy\" decoding=\"async\" width=\"768\" height=\"1024\" src=\"https:\/\/www.irissjostrom.com\/wp-content\/uploads\/2016\/07\/stol_04-768x1024.jpg\" class=\"attachment-large size-large\" alt=\"Iris Sj\u00f6str\u00f6m Stoldyna rutv\u00e4v\" srcset=\"https:\/\/www.irissjostrom.com\/wp-content\/uploads\/2016\/07\/stol_04-768x1024.jpg 768w, https:\/\/www.irissjostrom.com\/wp-content\/uploads\/2016\/07\/stol_04-300x400.jpg 300w, https:\/\/www.irissjostrom.com\/wp-content\/uploads\/2016\/07\/stol_04.jpg 900w\" sizes=\"auto, (max-width: 768px) 100vw, 768px\" \/><\/a>\n\t\t\t<\/dt><\/dl><dl class='gallery-item'>\n\t\t\t<dt class='gallery-icon portrait'>\n\t\t\t\t<a href='https:\/\/www.irissjostrom.com\/wp-content\/uploads\/2016\/07\/stol_05.jpg'><img loading=\"lazy\" decoding=\"async\" width=\"768\" height=\"1024\" src=\"https:\/\/www.irissjostrom.com\/wp-content\/uploads\/2016\/07\/stol_05-768x1024.jpg\" class=\"attachment-large size-large\" alt=\"Iris Sj\u00f6str\u00f6m Stoldyna rutv\u00e4v\" srcset=\"https:\/\/www.irissjostrom.com\/wp-content\/uploads\/2016\/07\/stol_05-768x1024.jpg 768w, https:\/\/www.irissjostrom.com\/wp-content\/uploads\/2016\/07\/stol_05-300x400.jpg 300w, https:\/\/www.irissjostrom.com\/wp-content\/uploads\/2016\/07\/stol_05.jpg 900w\" sizes=\"auto, (max-width: 768px) 100vw, 768px\" \/><\/a>\n\t\t\t<\/dt><\/dl><dl class='gallery-item'>\n\t\t\t<dt class='gallery-icon portrait'>\n\t\t\t\t<a href='https:\/\/www.irissjostrom.com\/wp-content\/uploads\/2016\/07\/stol_06.jpg'><img loading=\"lazy\" decoding=\"async\" width=\"768\" height=\"1024\" src=\"https:\/\/www.irissjostrom.com\/wp-content\/uploads\/2016\/07\/stol_06-768x1024.jpg\" class=\"attachment-large size-large\" alt=\"Iris Sj\u00f6str\u00f6m Stoldyna rutv\u00e4v\" srcset=\"https:\/\/www.irissjostrom.com\/wp-content\/uploads\/2016\/07\/stol_06-768x1024.jpg 768w, https:\/\/www.irissjostrom.com\/wp-content\/uploads\/2016\/07\/stol_06-300x400.jpg 300w, https:\/\/www.irissjostrom.com\/wp-content\/uploads\/2016\/07\/stol_06.jpg 900w\" sizes=\"auto, (max-width: 768px) 100vw, 768px\" \/><\/a>\n\t\t\t<\/dt><\/dl><dl class='gallery-item'>\n\t\t\t<dt class='gallery-icon portrait'>\n\t\t\t\t<a href='https:\/\/www.irissjostrom.com\/wp-content\/uploads\/2016\/07\/stol_07.jpg'><img loading=\"lazy\" decoding=\"async\" width=\"768\" height=\"1024\" src=\"https:\/\/www.irissjostrom.com\/wp-content\/uploads\/2016\/07\/stol_07-768x1024.jpg\" class=\"attachment-large size-large\" alt=\"Iris Sj\u00f6str\u00f6m Stoldyna rutv\u00e4v\" srcset=\"https:\/\/www.irissjostrom.com\/wp-content\/uploads\/2016\/07\/stol_07-768x1024.jpg 768w, https:\/\/www.irissjostrom.com\/wp-content\/uploads\/2016\/07\/stol_07-300x400.jpg 300w, https:\/\/www.irissjostrom.com\/wp-content\/uploads\/2016\/07\/stol_07.jpg 900w\" sizes=\"auto, (max-width: 768px) 100vw, 768px\" \/><\/a>\n\t\t\t<\/dt><\/dl><br style=\"clear: both\" \/><dl class='gallery-item'>\n\t\t\t<dt class='gallery-icon portrait'>\n\t\t\t\t<a href='https:\/\/www.irissjostrom.com\/wp-content\/uploads\/2016\/07\/stol_08.jpg'><img loading=\"lazy\" decoding=\"async\" width=\"768\" height=\"1024\" src=\"https:\/\/www.irissjostrom.com\/wp-content\/uploads\/2016\/07\/stol_08-768x1024.jpg\" class=\"attachment-large size-large\" alt=\"Iris Sj\u00f6str\u00f6m Stoldyna rutv\u00e4v\" srcset=\"https:\/\/www.irissjostrom.com\/wp-content\/uploads\/2016\/07\/stol_08-768x1024.jpg 768w, https:\/\/www.irissjostrom.com\/wp-content\/uploads\/2016\/07\/stol_08-300x400.jpg 300w, https:\/\/www.irissjostrom.com\/wp-content\/uploads\/2016\/07\/stol_08.jpg 900w\" sizes=\"auto, (max-width: 768px) 100vw, 768px\" \/><\/a>\n\t\t\t<\/dt><\/dl><dl class='gallery-item'>\n\t\t\t<dt class='gallery-icon portrait'>\n\t\t\t\t<a href='https:\/\/www.irissjostrom.com\/wp-content\/uploads\/2016\/07\/76_stoldynor.jpg'><img loading=\"lazy\" decoding=\"async\" width=\"768\" height=\"1024\" src=\"https:\/\/www.irissjostrom.com\/wp-content\/uploads\/2016\/07\/76_stoldynor-768x1024.jpg\" class=\"attachment-large size-large\" alt=\"\" srcset=\"https:\/\/www.irissjostrom.com\/wp-content\/uploads\/2016\/07\/76_stoldynor-768x1024.jpg 768w, https:\/\/www.irissjostrom.com\/wp-content\/uploads\/2016\/07\/76_stoldynor-300x400.jpg 300w, https:\/\/www.irissjostrom.com\/wp-content\/uploads\/2016\/07\/76_stoldynor.jpg 900w\" sizes=\"auto, (max-width: 768px) 100vw, 768px\" \/><\/a>\n\t\t\t<\/dt><\/dl><dl class='gallery-item'>\n\t\t\t<dt class='gallery-icon landscape'>\n\t\t\t\t<a href='https:\/\/www.irissjostrom.com\/wp-content\/uploads\/2021\/07\/iris-sjoestroem-sittdyna.jpg'><img loading=\"lazy\" decoding=\"async\" width=\"1024\" height=\"683\" src=\"https:\/\/www.irissjostrom.com\/wp-content\/uploads\/2021\/07\/iris-sjoestroem-sittdyna-1024x683.jpg\" class=\"attachment-large size-large\" alt=\"B\u00e4nkdyna av rutv\u00e4v.\" srcset=\"https:\/\/www.irissjostrom.com\/wp-content\/uploads\/2021\/07\/iris-sjoestroem-sittdyna-1024x683.jpg 1024w, https:\/\/www.irissjostrom.com\/wp-content\/uploads\/2021\/07\/iris-sjoestroem-sittdyna-400x267.jpg 400w, https:\/\/www.irissjostrom.com\/wp-content\/uploads\/2021\/07\/iris-sjoestroem-sittdyna-768x512.jpg 768w, https:\/\/www.irissjostrom.com\/wp-content\/uploads\/2021\/07\/iris-sjoestroem-sittdyna-1170x780.jpg 1170w, https:\/\/www.irissjostrom.com\/wp-content\/uploads\/2021\/07\/iris-sjoestroem-sittdyna.jpg 1200w\" sizes=\"auto, (max-width: 1024px) 100vw, 1024px\" \/><\/a>\n\t\t\t<\/dt><\/dl>\n\t\t\t<br style='clear: both' \/>\n\t\t<\/div>\n\n<p>F\u00f6r rutv\u00e4ven anv\u00e4nder Iris fiskargarn som r\u00e4nning. Som inslag fungerar bomullsremsor av begagnade lakan och som fyllning vadd. Rutv\u00e4v f\u00f6r gungstol \u00e4r 165cm &#8211; 180cm l\u00e5ng och 42cm bred. Rutv\u00e4v som b\u00e4nkunderlag \u00e4r 185cm &#8211; 190cm l\u00e5ng och 55cm bred. Stoldynorna \u00e4r 42cm x 38cm (4 rutor) eller 42cm x 48cm (5 rutor). Iris produkter s\u00e4ljs i <a href=\"https:\/\/www.facebook.com\/nellysartetcraft\/\" target=\"_blank\" rel=\"noopener noreferrer\">Nelly\u00b4s Art &amp; Craft<\/a> butik i Borg\u00e5 eller p\u00e5 best\u00e4llning.<\/p>\n<p>For the square weave (double square weave) Iris uses fiskaryarn as warp. As weft she uses cottonstrips of used sheets and as filling wadding. Square weave for rocking-chair is 165cm &#8211; 180cm long and 42cm wide. Square weave as bench bedding(pillows) is 185cm &#8211; 190cm long and 55cm wide. The chair pillows are 42cm x 38cm (4 squares) or 42cm x 48cm (5 squares). Iris products are sold in <a href=\"https:\/\/www.facebook.com\/nellysartetcraft\/\" target=\"_blank\" rel=\"noopener noreferrer\">Nelly\u00b4s Art &amp; Craft<\/a> shop in Borg\u00e5 or by order.<\/p>\n","protected":false},"excerpt":{"rendered":"<p>F\u00f6r rutv\u00e4ven anv\u00e4nder Iris fiskargarn som r\u00e4nning. Som inslag fungerar bomullsremsor av begagnade lakan och som fyllning vadd. Rutv\u00e4v f\u00f6r gungstol \u00e4r 165cm &#8211; 180cm l\u00e5ng och 42cm bred. Rutv\u00e4v som b\u00e4nkunderlag \u00e4r 185cm &#8211; 190cm l\u00e5ng och 55cm bred. Stoldynorna \u00e4r 42cm x 38cm (4 rutor) eller 42cm x 48cm (5 rutor). Iris produkter s\u00e4ljs i Nelly\u00b4s Art &amp; Craft butik i Borg\u00e5 eller p\u00e5 best\u00e4llning. For the square weave (double square weave) Iris uses fiskaryarn as warp. As weft she uses cottonstrips of used sheets and as filling wadding. Square weave for rocking-chair is 165cm &#8211; 180cm long and 42cm wide. Square weave as bench bedding(pillows) is 185cm &#8211; 190cm long and 55cm wide. The chair pillows are 42cm x 38cm (4 squares) or 42cm x 48cm (5 squares). Iris products are sold in Nelly\u00b4s Art &amp; Craft shop in Borg\u00e5 or by order.<\/p>\n","protected":false},"author":1,"featured_media":0,"parent":0,"menu_order":0,"comment_status":"closed","ping_status":"closed","template":"","meta":{"footnotes":""},"class_list":["post-477","page","type-page","status-publish","hentry"],"_links":{"self":[{"href":"https:\/\/www.irissjostrom.com\/index.php?rest_route=\/wp\/v2\/pages\/477","targetHints":{"allow":["GET"]}}],"collection":[{"href":"https:\/\/www.irissjostrom.com\/index.php?rest_route=\/wp\/v2\/pages"}],"about":[{"href":"https:\/\/www.irissjostrom.com\/index.php?rest_route=\/wp\/v2\/types\/page"}],"author":[{"embeddable":true,"href":"https:\/\/www.irissjostrom.com\/index.php?rest_route=\/wp\/v2\/users\/1"}],"replies":[{"embeddable":true,"href":"https:\/\/www.irissjostrom.com\/index.php?rest_route=%2Fwp%2Fv2%2Fcomments&post=477"}],"version-history":[{"count":11,"href":"https:\/\/www.irissjostrom.com\/index.php?rest_route=\/wp\/v2\/pages\/477\/revisions"}],"predecessor-version":[{"id":968,"href":"https:\/\/www.irissjostrom.com\/index.php?rest_route=\/wp\/v2\/pages\/477\/revisions\/968"}],"wp:attachment":[{"href":"https:\/\/www.irissjostrom.com\/index.php?rest_route=%2Fwp%2Fv2%2Fmedia&parent=477"}],"curies":[{"name":"wp","href":"https:\/\/api.w.org\/{rel}","templated":true}]}}